{"id":1875,"date":"2020-11-27T08:22:55","date_gmt":"2020-11-27T08:22:55","guid":{"rendered":"https:\/\/jophiwese.de\/?page_id=1875"},"modified":"2020-12-14T15:33:49","modified_gmt":"2020-12-14T15:33:49","slug":"impressum","status":"publish","type":"page","link":"https:\/\/hl-agrar.de\/fr\/impressum\/","title":{"rendered":"Colophon"},"content":{"rendered":"<div data-elementor-type=\"wp-page\" data-elementor-id=\"1875\" class=\"elementor elementor-1875\">\n\t\t\t\t\t\t\t\t\t<section class=\"elementor-section elementor-top-section elementor-element elementor-element-7e2c1cb elementor-section-height-min-height elementor-section-boxed elementor-section-height-default elementor-section-items-middle\" data-id=\"7e2c1cb\" data-element_type=\"section\" data-settings=\"{&quot;background_background&quot;:&quot;classic&quot;}\">\n\t\t\t\t\t\t\t<div class=\"elementor-background-overlay\"><\/div>\n\t\t\t\t\t\t\t<div class=\"elementor-container elementor-column-gap-default\">\n\t\t\t\t\t<div class=\"elementor-column elementor-col-100 elementor-top-column elementor-element elementor-element-8d017ad\" data-id=\"8d017ad\" data-element_type=\"column\">\n\t\t\t<div class=\"elementor-widget-wrap\">\n\t\t\t\t\t\t\t\t\t<\/div>\n\t\t<\/div>\n\t\t\t\t\t\t\t<\/div>\n\t\t<\/section>\n\t\t\t\t<section class=\"elementor-section elementor-top-section elementor-element elementor-element-c20e176 elementor-section-boxed elementor-section-height-default elementor-section-height-default\" data-id=\"c20e176\" data-element_type=\"section\">\n\t\t\t\t\t\t<div class=\"elementor-container elementor-column-gap-default\">\n\t\t\t\t\t<div class=\"elementor-column elementor-col-100 elementor-top-column elementor-element elementor-element-6f55790\" data-id=\"6f55790\" data-element_type=\"column\">\n\t\t\t<div class=\"elementor-widget-wrap elementor-element-populated\">\n\t\t\t\t\t\t\t\t<div class=\"elementor-element elementor-element-5491876 elementor-widget elementor-widget-text-editor\" data-id=\"5491876\" data-element_type=\"widget\" data-widget_type=\"text-editor.default\">\n\t\t\t\t<div class=\"elementor-widget-container\">\n\t\t\t\t\t\t\t<div class=\"spalte1\"><div class=\"text-block\"><h2>Colophon<\/h2><\/div><div class=\"text-block\"><p><strong>Informations conform\u00e9ment \u00e0 l'article 5 de la TMG<br \/><\/strong>H\u00f6lscher Leuschner GmbH &amp; Co. KG<br \/>Siemensstr. 15 <br \/>48488 Emsb\u00fcren<\/p><p>Registre du commerce : HRA 100071<br \/>Tribunal d'enregistrement : Tribunal d'instance d'Osnabr\u00fcck<\/p><p><strong>Repr\u00e9sent\u00e9 par le partenaire g\u00e9n\u00e9ral :<\/strong><br \/>H\u00f6lscher Leuschner Beteiligungs-, - Verwaltungs- und Produktionsgesellschaft mbH<\/p><p>Directeur ex\u00e9cutif :<br \/>Dr Richard H\u00f6lscher<\/p><p>Registre du commerce : HRB100020<br \/>Tribunal d'enregistrement : Tribunal d'instance d'Osnabr\u00fcck<\/p><p><strong>Contact<\/strong><br \/>T\u00e9l : 05903 \/ 93 96 - 0<br \/>Fax : 05903 \/ 72 73<br \/><a href=\"http:\/\/www.hl-agrar.de\/de\/H-L\/index.php?PHPSESSID=5599d0265f45ec237513567161016c49&amp;execute=mailform&amp;emailto=zentrale@hl-agrar.de\">info@hplusl.com<\/a><\/p><p><strong>Identification de la taxe de vente :<br \/><\/strong>Num\u00e9ro d'identification fiscale DE 117 326 033<\/p><p><strong>Num\u00e9ro d'identification de l'entreprise :<br \/><\/strong>Num\u00e9ro de taxe : 61\/200\/07001<\/p><p>Nous ne sommes ni dispos\u00e9s ni oblig\u00e9s de participer \u00e0 une proc\u00e9dure de r\u00e8glement des litiges devant un conseil d'arbitrage pour les consommateurs.<\/p><p><strong>Responsabilit\u00e9 du contenu<\/strong><\/p><p>En tant que prestataire de services, nous sommes responsables de nos propres contenus sur ces pages conform\u00e9ment aux lois g\u00e9n\u00e9rales en vertu de l'article 7, paragraphe 1 TMG. Conform\u00e9ment aux articles 8 \u00e0 10 de la TMG, nous ne sommes cependant pas tenus, en tant que prestataire de services, de surveiller les informations transmises ou stock\u00e9es par des tiers ou d'enqu\u00eater sur des circonstances qui indiquent une activit\u00e9 ill\u00e9gale.<br \/>Les obligations de supprimer ou de bloquer l'utilisation des informations conform\u00e9ment aux lois g\u00e9n\u00e9rales ne sont pas affect\u00e9es par cette disposition. Toutefois, la responsabilit\u00e9 \u00e0 cet \u00e9gard n'est possible qu'\u00e0 partir du moment o\u00f9 l'on a connaissance d'une infraction concr\u00e8te. Si nous avons connaissance de telles infractions, nous retirerons imm\u00e9diatement ce contenu.<\/p><p><strong>Responsabilit\u00e9 des liens<\/strong><br \/>Notre offre contient des liens vers des sites web externes de tiers, sur le contenu desquels nous n'avons aucune influence. Par cons\u00e9quent, nous ne pouvons assumer aucune responsabilit\u00e9 pour ces contenus externes. Le fournisseur ou l'exploitant des pages concern\u00e9es est toujours responsable du contenu des pages li\u00e9es. Les pages li\u00e9es ont \u00e9t\u00e9 v\u00e9rifi\u00e9es au moment de la mise en place du lien afin de d\u00e9tecter d'\u00e9ventuelles violations de la loi. Les contenus ill\u00e9gaux n'\u00e9taient pas reconnaissables au moment de la cr\u00e9ation du lien.<br \/>Toutefois, un contr\u00f4le permanent du contenu des pages li\u00e9es n'est pas raisonnable sans preuve concr\u00e8te d'une violation de la loi. Si nous avons connaissance d'infractions, nous supprimerons imm\u00e9diatement ces liens.<\/p><p><strong>Copyright<\/strong><br \/>Les contenus et les \u0153uvres cr\u00e9\u00e9s par les op\u00e9rateurs du site sur ces pages sont soumis au droit d'auteur allemand. La reproduction, le traitement, la distribution et tout type d'exploitation en dehors des limites du droit d'auteur n\u00e9cessitent le consentement \u00e9crit de l'auteur ou du cr\u00e9ateur concern\u00e9. Les t\u00e9l\u00e9chargements et les copies de ce site ne sont autoris\u00e9s que pour un usage priv\u00e9 et non commercial.<br \/>Dans la mesure o\u00f9 le contenu de cette page n'a pas \u00e9t\u00e9 cr\u00e9\u00e9 par l'op\u00e9rateur, les droits d'auteur des tiers sont respect\u00e9s. En particulier, les contenus de tiers sont identifi\u00e9s comme tels. Si vous avez n\u00e9anmoins connaissance d'une violation du droit d'auteur, veuillez nous en informer. Si nous avons connaissance d'une infraction, nous retirerons imm\u00e9diatement ce contenu.<\/p><p><a href=\"https:\/\/hl-agrar.de\/wp-content\/uploads\/2020\/11\/HL_AGB-3.pdf\">\/\/Download AGB\/\/<\/a><\/p><p><strong>Informations conform\u00e9ment \u00e0 l'article 5 de la TMG<\/strong><br \/>H\u00f6lscher Leuschner GmbH &amp; Co. KG<br \/>Siemensstrasse 15<br \/>48488 Emsb\u00fcren<\/p><p>Registre du commerce : HRA 100071<br \/>Tribunal d'enregistrement : Tribunal d'instance d'Osnabr\u00fcck<\/p><p><strong>Repr\u00e9sent\u00e9 par le partenaire g\u00e9n\u00e9ral :<br \/><\/strong> H\u00f6lscher Leuschner Beteiligungs-, - Verwaltungs- und Produktionsgesellschaft mbH<\/p><p>Directeurs g\u00e9n\u00e9raux : <br \/>Directeur g\u00e9n\u00e9ral Dr. Richard H\u00f6lscher<\/p><p>Registre du commerce : HRB 100020<br \/>Tribunal d'enregistrement : Tribunal d'instance d'Osnabr\u00fcck<\/p><p><strong>Contactez<\/strong><br \/>T\u00e9l\u00e9phone : 05903 9396-0<br \/>Fax : 05903 7273<br \/>Courrier \u00e9lectronique : zentrale@hl-agrar.de<\/p><p><strong>ID TVA<\/strong><br \/><strong>Num\u00e9ro d'identification de la taxe de vente conform\u00e9ment \u00e0 l'article 27 a de la loi sur la taxe de vente :<\/strong><br \/>Num\u00e9ro d'identification fiscale DE 117 326 033 <br \/><strong>Num\u00e9ro d'identification de l'entreprise<\/strong><br \/>Num\u00e9ro de taxe : 61\/200\/07001<\/p><p>Nous ne sommes ni dispos\u00e9s ni oblig\u00e9s de participer \u00e0 une proc\u00e9dure de r\u00e8glement des litiges devant un conseil d'arbitrage pour les consommateurs.<\/p><p><strong>Responsabilit\u00e9 du contenu<\/strong><br \/>En tant que prestataires de services, nous sommes responsables des contenus propres de ces sites web conform\u00e9ment \u00e0 l'article 7, paragraphe 1 de la loi allemande sur les t\u00e9l\u00e9m\u00e9dias (TMG). Toutefois, selon les articles 8 \u00e0 10 de la loi allemande sur les t\u00e9l\u00e9m\u00e9dias (TMG), les prestataires de services ne sont pas tenus de surveiller en permanence les informations transmises ou stock\u00e9es, ni de rechercher des preuves indiquant des activit\u00e9s ill\u00e9gales.<br \/>Les obligations l\u00e9gales de supprimer des informations ou de bloquer l'utilisation d'informations restent incontest\u00e9es. Dans ce cas, la responsabilit\u00e9 n'est possible qu'au moment de la connaissance d'une violation sp\u00e9cifique de la loi. Les contenus ill\u00e9gaux seront retir\u00e9s imm\u00e9diatement d\u00e8s que nous en aurons connaissance.<\/p><p><strong>Responsabilit\u00e9 des liens<\/strong><br \/>Notre offre comprend des liens vers des sites web externes de tiers. Nous n'avons aucune influence sur le contenu de ces sites web, et nous ne pouvons donc pas garantir ce contenu. Les fournisseurs ou les administrateurs des sites web li\u00e9s sont toujours responsables de leur propre contenu.<br \/>Les sites web li\u00e9s ont \u00e9t\u00e9 v\u00e9rifi\u00e9s au moment de l'\u00e9tablissement du lien afin de d\u00e9tecter d'\u00e9ventuelles violations de la loi. Aucun contenu ill\u00e9gal n'a \u00e9t\u00e9 d\u00e9tect\u00e9 au moment de la mise en place du lien. Un contr\u00f4le permanent du contenu des sites web li\u00e9s ne peut \u00eatre impos\u00e9 sans indices raisonnables d'une violation de la loi. Les liens ill\u00e9gaux seront imm\u00e9diatement supprim\u00e9s d\u00e8s que nous en aurons connaissance.<\/p><p><strong>Copyright<\/strong><br \/>Les contenus et compilations publi\u00e9s sur ces sites par les fournisseurs sont soumis \u00e0 la l\u00e9gislation allemande sur le droit d'auteur. La reproduction, l'\u00e9dition, la distribution ainsi que l'utilisation de toute sorte en dehors du champ d'application de la loi sur le droit d'auteur n\u00e9cessitent une autorisation \u00e9crite de l'auteur ou du cr\u00e9ateur. Les t\u00e9l\u00e9chargements et les copies de ces sites web sont autoris\u00e9s uniquement pour un usage priv\u00e9. L'utilisation commerciale de nos contenus sans l'autorisation de l'auteur est interdite.<br \/>Les lois sur les droits d'auteur de tiers sont respect\u00e9es tant que le contenu de ces sites ne provient pas du fournisseur. Les contributions de tiers sur ce site sont indiqu\u00e9es comme telles. Toutefois, si vous constatez des violations de la loi sur le droit d'auteur, veuillez nous en informer. Ces contenus seront imm\u00e9diatement retir\u00e9s.<\/p><p><a href=\"https:\/\/hl-agrar.de\/wp-content\/uploads\/2020\/11\/HL_AGB-3.pdf\">\/\/Download AGB\/\/<\/a><\/p><\/div><\/div>\t\t\t\t\t\t<\/div>\n\t\t\t\t<\/div>\n\t\t\t\t\t<\/div>\n\t\t<\/div>\n\t\t\t\t\t\t\t<\/div>\n\t\t<\/section>\n\t\t\t\t<section class=\"elementor-section elementor-top-section elementor-element elementor-element-a441bdf elementor-section-content-top elementor-section-boxed elementor-section-height-default elementor-section-height-default\" data-id=\"a441bdf\" data-element_type=\"section\" data-settings=\"{&quot;background_background&quot;:&quot;classic&quot;}\">\n\t\t\t\t\t\t\t<div class=\"elementor-background-overlay\"><\/div>\n\t\t\t\t\t\t\t<div class=\"elementor-container elementor-column-gap-default\">\n\t\t\t\t\t<div class=\"elementor-column elementor-col-25 elementor-top-column elementor-element elementor-element-2ede24c\" data-id=\"2ede24c\" data-element_type=\"column\">\n\t\t\t<div class=\"elementor-widget-wrap elementor-element-populated\">\n\t\t\t\t\t\t\t\t<div class=\"elementor-element elementor-element-c8c9628 animated-slow elementor-hidden-phone elementor-invisible elementor-widget elementor-widget-heading\" data-id=\"c8c9628\" data-element_type=\"widget\" data-settings=\"{&quot;_animation&quot;:&quot;fadeInDown&quot;,&quot;_animation_delay&quot;:600}\" data-widget_type=\"heading.default\">\n\t\t\t\t<div class=\"elementor-widget-container\">\n\t\t\t<h2 class=\"elementor-heading-title elementor-size-default\">H+L <br>Gmbh &amp; Co. Kg<\/h2>\t\t<\/div>\n\t\t\t\t<\/div>\n\t\t\t\t<div class=\"elementor-element elementor-element-b58ecea animated-slow elementor-invisible elementor-widget elementor-widget-text-editor\" data-id=\"b58ecea\" data-element_type=\"widget\" data-settings=\"{&quot;_animation&quot;:&quot;fadeInDown&quot;,&quot;_animation_delay&quot;:600}\" data-widget_type=\"text-editor.default\">\n\t\t\t\t<div class=\"elementor-widget-container\">\n\t\t\t\t\t\t\t<p>Siemensstrasse 15<\/p><p>48488 Emsb\u00fcren, Allemagne<\/p><p>T\u00e9l : 05903 - 9396 0<\/p><p>Fax : 05903 - 72 73<\/p><p>info@hplusl.com<\/p>\t\t\t\t\t\t<\/div>\n\t\t\t\t<\/div>\n\t\t\t\t\t<\/div>\n\t\t<\/div>\n\t\t\t\t<div class=\"elementor-column elementor-col-25 elementor-top-column elementor-element elementor-element-f6dea51 elementor-invisible\" data-id=\"f6dea51\" data-element_type=\"column\" data-settings=\"{&quot;animation&quot;:&quot;fadeInUp&quot;,&quot;animation_delay&quot;:600}\">\n\t\t\t<div class=\"elementor-widget-wrap elementor-element-populated\">\n\t\t\t\t\t\t\t\t<div class=\"elementor-element elementor-element-86b99b8 e-grid-align-tablet-right elementor-shape-circle e-grid-align-mobile-center elementor-grid-0 e-grid-align-center elementor-widget elementor-widget-social-icons\" data-id=\"86b99b8\" data-element_type=\"widget\" data-widget_type=\"social-icons.default\">\n\t\t\t\t<div class=\"elementor-widget-container\">\n\t\t\t\t\t<div class=\"elementor-social-icons-wrapper elementor-grid\">\n\t\t\t\t\t\t\t<span class=\"elementor-grid-item\">\n\t\t\t\t\t<a class=\"elementor-icon elementor-social-icon elementor-social-icon-facebook-f elementor-animation-shrink elementor-repeater-item-c29d3e9\" href=\"https:\/\/www.facebook.com\/H%C3%B6lscher-Leuschner-GmbH-Co-KG-744765949067675\/\" target=\"_blank\" rel=\"noopener\">\n\t\t\t\t\t\t<span class=\"elementor-screen-only\">Facebook-f<\/span>\n\t\t\t\t\t\t<i class=\"fab fa-facebook-f\"><\/i>\t\t\t\t\t<\/a>\n\t\t\t\t<\/span>\n\t\t\t\t\t\t\t<span class=\"elementor-grid-item\">\n\t\t\t\t\t<a class=\"elementor-icon elementor-social-icon elementor-social-icon-youtube elementor-animation-shrink elementor-repeater-item-a8c4402\" href=\"https:\/\/www.youtube.com\/channel\/UCgKwwLRZ9lLt1pNi4EkHsQA\" target=\"_blank\" rel=\"noopener\">\n\t\t\t\t\t\t<span class=\"elementor-screen-only\">Youtube<\/span>\n\t\t\t\t\t\t<i class=\"fab fa-youtube\"><\/i>\t\t\t\t\t<\/a>\n\t\t\t\t<\/span>\n\t\t\t\t\t<\/div>\n\t\t\t\t<\/div>\n\t\t\t\t<\/div>\n\t\t\t\t<div class=\"elementor-element elementor-element-5c02b05 logo animated-slow elementor-hidden-desktop elementor-hidden-tablet elementor-invisible elementor-widget elementor-widget-image\" data-id=\"5c02b05\" data-element_type=\"widget\" data-settings=\"{&quot;_animation&quot;:&quot;fadeInDown&quot;,&quot;_animation_delay&quot;:600}\" data-widget_type=\"image.default\">\n\t\t\t\t<div class=\"elementor-widget-container\">\n\t\t\t\t\t\t\t\t\t\t\t\t\t\t\t\t<a href=\"https:\/\/hl-agrar.de\/fr\/\">\n\t\t\t\t\t\t\t<img decoding=\"async\" width=\"1024\" height=\"221\" src=\"https:\/\/hl-agrar.de\/wp-content\/uploads\/2020\/12\/Logo-removebg-preview-1024x221.png\" class=\"attachment-large size-large wp-image-3771\" alt=\"\" loading=\"lazy\" srcset=\"https:\/\/hl-agrar.de\/wp-content\/uploads\/2020\/12\/Logo-removebg-preview-1024x221.png 1024w, https:\/\/hl-agrar.de\/wp-content\/uploads\/2020\/12\/Logo-removebg-preview-300x65.png 300w, https:\/\/hl-agrar.de\/wp-content\/uploads\/2020\/12\/Logo-removebg-preview-768x166.png 768w, https:\/\/hl-agrar.de\/wp-content\/uploads\/2020\/12\/Logo-removebg-preview.png 1075w\" sizes=\"(max-width: 1024px) 100vw, 1024px\">\t\t\t\t\t\t\t\t<\/a>\n\t\t\t\t\t\t\t\t\t\t\t\t\t\t\t<\/div>\n\t\t\t\t<\/div>\n\t\t\t\t<div class=\"elementor-element elementor-element-18ac118 logo animated-slow elementor-hidden-phone elementor-invisible elementor-widget elementor-widget-image\" data-id=\"18ac118\" data-element_type=\"widget\" data-settings=\"{&quot;_animation&quot;:&quot;fadeInDown&quot;,&quot;_animation_delay&quot;:600}\" data-widget_type=\"image.default\">\n\t\t\t\t<div class=\"elementor-widget-container\">\n\t\t\t\t\t\t\t\t\t\t\t\t\t\t\t\t<a href=\"https:\/\/hl-agrar.de\/fr\/\">\n\t\t\t\t\t\t\t<img decoding=\"async\" width=\"1024\" height=\"221\" src=\"https:\/\/hl-agrar.de\/wp-content\/uploads\/2020\/12\/Logo-removebg-preview-1024x221.png\" class=\"attachment-large size-large wp-image-3771\" alt=\"\" loading=\"lazy\" srcset=\"https:\/\/hl-agrar.de\/wp-content\/uploads\/2020\/12\/Logo-removebg-preview-1024x221.png 1024w, https:\/\/hl-agrar.de\/wp-content\/uploads\/2020\/12\/Logo-removebg-preview-300x65.png 300w, https:\/\/hl-agrar.de\/wp-content\/uploads\/2020\/12\/Logo-removebg-preview-768x166.png 768w, https:\/\/hl-agrar.de\/wp-content\/uploads\/2020\/12\/Logo-removebg-preview.png 1075w\" sizes=\"(max-width: 1024px) 100vw, 1024px\">\t\t\t\t\t\t\t\t<\/a>\n\t\t\t\t\t\t\t\t\t\t\t\t\t\t\t<\/div>\n\t\t\t\t<\/div>\n\t\t\t\t\t<\/div>\n\t\t<\/div>\n\t\t\t\t<div class=\"elementor-column elementor-col-25 elementor-top-column elementor-element elementor-element-ce02c31\" data-id=\"ce02c31\" data-element_type=\"column\">\n\t\t\t<div class=\"elementor-widget-wrap elementor-element-populated\">\n\t\t\t\t\t\t\t\t<div class=\"elementor-element elementor-element-6ac38b7 animated-slow elementor-invisible elementor-widget elementor-widget-text-editor\" data-id=\"6ac38b7\" data-element_type=\"widget\" data-settings=\"{&quot;_animation_delay&quot;:600,&quot;_animation&quot;:&quot;fadeInUp&quot;}\" data-widget_type=\"text-editor.default\">\n\t\t\t\t<div class=\"elementor-widget-container\">\n\t\t\t\t\t\t\t<p style=\"text-align: center;\"><span style=\"color: #ffffff;\"><a style=\"color: #ffffff;\" href=\"https:\/\/hl-agrar.de\/fr\/kontakt\/\">Contact<\/a><\/span><\/p><p><span style=\"color: #ffffff;\"><a style=\"color: #ffffff;\" href=\"https:\/\/hl-agrar.de\/fr\/impressum\/\">Colophon<\/a><\/span><\/p><p><span style=\"color: #ffffff;\"><a style=\"color: #ffffff;\" href=\"https:\/\/hl-agrar.de\/fr\/datenschutz\/\">Protection de donn\u00e9es<\/a><\/span><\/p>\t\t\t\t\t\t<\/div>\n\t\t\t\t<\/div>\n\t\t\t\t\t<\/div>\n\t\t<\/div>\n\t\t\t\t<div class=\"elementor-column elementor-col-25 elementor-top-column elementor-element elementor-element-e5a15c8 animated-slow elementor-invisible\" data-id=\"e5a15c8\" data-element_type=\"column\" data-settings=\"{&quot;animation&quot;:&quot;fadeInDown&quot;,&quot;animation_delay&quot;:600}\">\n\t\t\t<div class=\"elementor-widget-wrap elementor-element-populated\">\n\t\t\t\t\t\t\t\t<div class=\"elementor-element elementor-element-3504d37 animated-slow elementor-hidden-phone elementor-invisible elementor-widget elementor-widget-heading\" data-id=\"3504d37\" data-element_type=\"widget\" data-settings=\"{&quot;_animation&quot;:&quot;fadeIn&quot;,&quot;_animation_delay&quot;:600}\" data-widget_type=\"heading.default\">\n\t\t\t\t<div class=\"elementor-widget-container\">\n\t\t\t<h2 class=\"elementor-heading-title elementor-size-default\">HEURES DE BUREAU<\/h2>\t\t<\/div>\n\t\t\t\t<\/div>\n\t\t\t\t<div class=\"elementor-element elementor-element-cd2fd23 elementor-invisible elementor-widget elementor-widget-text-editor\" data-id=\"cd2fd23\" data-element_type=\"widget\" data-settings=\"{&quot;_animation&quot;:&quot;fadeInDown&quot;}\" data-widget_type=\"text-editor.default\">\n\t\t\t\t<div class=\"elementor-widget-container\">\n\t\t\t\t\t\t\t<p>Lun. : 7:00 - 16:00<br \/>Mercredi - jeudi : 7h30 - 16h00<br \/>Vendredi : 7h30 - 15h00<\/p>\t\t\t\t\t\t<\/div>\n\t\t\t\t<\/div>\n\t\t\t\t\t<\/div>\n\t\t<\/div>\n\t\t\t\t\t\t\t<\/div>\n\t\t<\/section>\n\t\t\t\t\t\t\t<\/div>","protected":false},"excerpt":{"rendered":"<p>Impressum Angaben gem\u00e4\u00df \u00a7 5 TMGH\u00f6lscher Leuschner GmbH &amp; Co. KGSiemensstr. 15 48488 Emsb\u00fcren Handelsregister:HRA 100071Registergericht: Amtsgericht Osnabr\u00fcck Vertreten durch die pers\u00f6nlich haftende Gesellschafterin:H\u00f6lscher Leuschner Beteiligungs,- Verwaltungs- und Produktionsgesellschaft mbH Gesch\u00e4ftsf\u00fchrer:Dr. Richard\u00a0 H\u00f6lscher Handelsregister: HRB100020Registergericht: Amtsgericht Osnabr\u00fcck KontaktTel.: 05903 \/ 93 96 &#8211; 0Fax: 05903 \/ 72 73zentrale@hl-agrar.de Umsatzssteuer-ID:Ust. &#8211; ID DE 117 326 033 [&hellip;]<\/p>","protected":false},"author":1,"featured_media":0,"parent":0,"menu_order":0,"comment_status":"closed","ping_status":"closed","template":"","meta":[],"_links":{"self":[{"href":"https:\/\/hl-agrar.de\/fr\/wp-json\/wp\/v2\/pages\/1875"}],"collection":[{"href":"https:\/\/hl-agrar.de\/fr\/wp-json\/wp\/v2\/pages"}],"about":[{"href":"https:\/\/hl-agrar.de\/fr\/wp-json\/wp\/v2\/types\/page"}],"author":[{"embeddable":true,"href":"https:\/\/hl-agrar.de\/fr\/wp-json\/wp\/v2\/users\/1"}],"replies":[{"embeddable":true,"href":"https:\/\/hl-agrar.de\/fr\/wp-json\/wp\/v2\/comments?post=1875"}],"version-history":[{"count":26,"href":"https:\/\/hl-agrar.de\/fr\/wp-json\/wp\/v2\/pages\/1875\/revisions"}],"predecessor-version":[{"id":6020,"href":"https:\/\/hl-agrar.de\/fr\/wp-json\/wp\/v2\/pages\/1875\/revisions\/6020"}],"wp:attachment":[{"href":"https:\/\/hl-agrar.de\/fr\/wp-json\/wp\/v2\/media?parent=1875"}],"curies":[{"name":"wp","href":"https:\/\/api.w.org\/{rel}","templated":true}]}}