{"id":1775,"date":"2020-11-27T07:43:34","date_gmt":"2020-11-27T06:43:34","guid":{"rendered":"https:\/\/jophiwese.de\/?page_id=1775"},"modified":"2022-05-05T08:22:21","modified_gmt":"2022-05-05T07:22:21","slug":"elektroniker","status":"publish","type":"page","link":"https:\/\/hl-agrar.de\/fr\/elektroniker\/","title":{"rendered":"Elektroniker"},"content":{"rendered":"<div data-elementor-type=\"wp-page\" data-elementor-id=\"1775\" class=\"elementor elementor-1775\">\n\t\t\t\t\t\t\t\t\t<section class=\"elementor-section elementor-top-section elementor-element elementor-element-5dd14aa elementor-section-height-min-height elementor-section-boxed elementor-section-height-default elementor-section-items-middle\" data-id=\"5dd14aa\" data-element_type=\"section\" data-settings=\"{&quot;background_background&quot;:&quot;classic&quot;}\">\n\t\t\t\t\t\t\t<div class=\"elementor-background-overlay\"><\/div>\n\t\t\t\t\t\t\t<div class=\"elementor-container elementor-column-gap-default\">\n\t\t\t\t\t<div class=\"elementor-column elementor-col-100 elementor-top-column elementor-element elementor-element-97302c7\" data-id=\"97302c7\" data-element_type=\"column\">\n\t\t\t<div class=\"elementor-widget-wrap elementor-element-populated\">\n\t\t\t\t\t\t\t\t<div class=\"elementor-element elementor-element-6e01cf4 elementor-widget elementor-widget-heading\" data-id=\"6e01cf4\" data-element_type=\"widget\" data-widget_type=\"heading.default\">\n\t\t\t\t<div class=\"elementor-widget-container\">\n\t\t\t<h2 class=\"elementor-heading-title elementor-size-default\"><br><br>Formation Emsb\u00fcren | Envie d'avenir... ?<br><br><br><\/h2>\t\t<\/div>\n\t\t\t\t<\/div>\n\t\t\t\t\t<\/div>\n\t\t<\/div>\n\t\t\t\t\t\t\t<\/div>\n\t\t<\/section>\n\t\t\t\t<section class=\"elementor-section elementor-top-section elementor-element elementor-element-7aee3f6a elementor-section-boxed elementor-section-height-default elementor-section-height-default\" data-id=\"7aee3f6a\" data-element_type=\"section\" data-settings=\"{&quot;background_background&quot;:&quot;classic&quot;}\">\n\t\t\t\t\t\t\t<div class=\"elementor-background-overlay\"><\/div>\n\t\t\t\t\t\t\t<div class=\"elementor-container elementor-column-gap-default\">\n\t\t\t\t\t<div class=\"elementor-column elementor-col-100 elementor-top-column elementor-element elementor-element-82df94e\" data-id=\"82df94e\" data-element_type=\"column\">\n\t\t\t<div class=\"elementor-widget-wrap elementor-element-populated\">\n\t\t\t\t\t\t\t\t<div class=\"elementor-element elementor-element-65898632 elementor-widget elementor-widget-text-editor\" data-id=\"65898632\" data-element_type=\"widget\" data-widget_type=\"text-editor.default\">\n\t\t\t\t<div class=\"elementor-widget-container\">\n\t\t\t\t\t\t\t<div class=\"wD_Iu _3EP08\">\n<div class=\"_3HQaU\">\n<header class=\"vwgid css-9s1hn\">\n<div class=\"_1yw3j _3x8MP _1f6NS\">\n<div class=\"_1VucZ\">\n<div class=\"_24Wmz\">\n<div class=\"_20iPA\">\n<div class=\"wD_Iu _3EP08 css-1c375l0\">\n<section class=\"_1AraQ hugeTitleFontSize css-182coqg RFmpO css-8eb7fo block\" data-block-type=\"cover\">\n<div class=\"_20iPA _3Dip1 _38_I6\">\n<div class=\"_37KKE\">\n<div class=\"_2CtTI aj_LK Gz71e\">\n<div class=\"_2MjSk\">\n<div class=\"Te80D\">\n<div class=\"_3l4Fr\">\n<div class=\"\">\n<h1>Formation : technicien en \u00e9lectronique pour les dispositifs et les syst\u00e8mes, sp\u00e9cialis\u00e9 dans les dispositifs des technologies de l'information et de la communication<\/h1>\n<p>Les \u00e9lectroniciens de communication travaillent dans le domaine des communications et des technologies de l'information. Ils sont responsables de la fabrication, du montage et de la fiabilit\u00e9 op\u00e9rationnelle des dispositifs, \u00e9quipements et syst\u00e8mes dans les domaines de la radio, des t\u00e9l\u00e9communications et de l'informatique.<\/p>\n<p><strong>&nbsp;<\/strong><\/p>\n<p><strong>Dur\u00e9e de la formation<\/strong><br>3\u00bd ans, raccourcissement possible en fonction de la formation scolaire ant\u00e9rieure (par exemple 1 an BGJ G\u00e9nie \u00e9lectrique).<\/p>\n<p><strong>&nbsp;<\/strong><\/p>\n<p><strong>Exigences<\/strong><br>La plupart des stagiaires recrut\u00e9s sont ceux qui ont un dipl\u00f4me de fin d'\u00e9tudes secondaires et une formation scolaire ult\u00e9rieure dans le domaine de l'\u00e9lectrotechnique.<\/p>\n<p><strong>&nbsp;<\/strong><\/p>\n<p><strong>\u00c9cole professionnelle<\/strong><\/p>\n<p>1 \u00e0 2 fois par semaine, en fonction de la dur\u00e9e de la formation.<br>Centre de formation professionnelle et de technologie de la soci\u00e9t\u00e9 Skilled Crafts GmbH<br>Nagelshof 75<br>49716 Meppen<\/p>\n<p><strong>&nbsp;<\/strong><\/p>\n<p><strong>Examens<\/strong><\/p>\n<p>Examen interm\u00e9diaire au printemps de la 2\u00e8me ann\u00e9e de formation.<br>Examen final \u00e0 l'hiver de la derni\u00e8re ann\u00e9e de formation (apr\u00e8s 3\u00bd ans).<\/p>\n<p><strong>&nbsp;<\/strong><\/p>\n<p><strong>Activit\u00e9s<\/strong><br>Fabrication, test, mesure, adaptation, maintenance, mise en service et entretien des dispositifs, \u00e9quipements et syst\u00e8mes dans le domaine des technologies de l'information et des donn\u00e9es, tels que les syst\u00e8mes de fichiers et de sortie, le traitement des donn\u00e9es et les \u00e9quipements de contr\u00f4le et de r\u00e9gulation associ\u00e9s. Ces activit\u00e9s sont principalement exerc\u00e9es de mani\u00e8re ind\u00e9pendante dans la production, dans l'assurance de la qualit\u00e9 sur le terrain d'essai, dans la construction d'\u00e9quipements d'essai, dans le d\u00e9veloppement et le service \u00e0 la client\u00e8le, dans le maintien op\u00e9rationnel et dans le montage d'installations et de syst\u00e8mes, dans le respect des r\u00e9glementations pertinentes en mati\u00e8re de progr\u00e8s et de s\u00e9curit\u00e9, selon des documents et des instructions.<\/p>\n<\/div>\n<\/div>\n<\/div>\n<\/div>\n<\/div>\n<\/div>\n<\/div>\n<\/section>\n<\/div>\n<\/div>\n<\/div>\n<\/div>\n<\/div>\n<\/header>\n<\/div>\n<\/div>\t\t\t\t\t\t<\/div>\n\t\t\t\t<\/div>\n\t\t\t\t<div class=\"elementor-element elementor-element-a99567e elementor-button-info elementor-align-center elementor-widget elementor-widget-button\" data-id=\"a99567e\" data-element_type=\"widget\" data-widget_type=\"button.default\">\n\t\t\t\t<div class=\"elementor-widget-container\">\n\t\t\t\t\t<div class=\"elementor-button-wrapper\">\n\t\t\t<a class=\"elementor-button elementor-button-link elementor-size-xs elementor-animation-grow\" href=\"https:\/\/hl-agrar.de\/fr\/karriere\/\">\n\t\t\t\t\t\t<span class=\"elementor-button-content-wrapper\">\n\t\t\t\t\t\t<span class=\"elementor-button-icon elementor-align-icon-left\">\n\t\t\t\t<i aria-hidden=\"true\" class=\"far fa-lightbulb\"><\/i>\t\t\t<\/span>\n\t\t\t\t\t\t<span class=\"elementor-button-text\">Contactez<\/span>\n\t\t<\/span>\n\t\t\t\t\t<\/a>\n\t\t<\/div>\n\t\t\t\t<\/div>\n\t\t\t\t<\/div>\n\t\t\t\t\t<\/div>\n\t\t<\/div>\n\t\t\t\t\t\t\t<\/div>\n\t\t<\/section>\n\t\t\t\t<section class=\"elementor-section elementor-top-section elementor-element elementor-element-ecffcc0 elementor-section-content-top elementor-section-boxed elementor-section-height-default elementor-section-height-default\" data-id=\"ecffcc0\" data-element_type=\"section\" data-settings=\"{&quot;background_background&quot;:&quot;classic&quot;}\">\n\t\t\t\t\t\t\t<div class=\"elementor-background-overlay\"><\/div>\n\t\t\t\t\t\t\t<div class=\"elementor-container elementor-column-gap-default\">\n\t\t\t\t\t<div class=\"elementor-column elementor-col-25 elementor-top-column elementor-element elementor-element-9a029b7 animated-slow elementor-invisible\" data-id=\"9a029b7\" data-element_type=\"column\" data-settings=\"{&quot;animation&quot;:&quot;fadeInDown&quot;}\">\n\t\t\t<div class=\"elementor-widget-wrap elementor-element-populated\">\n\t\t\t\t\t\t\t\t<div class=\"elementor-element elementor-element-d654c34 animated-slow elementor-hidden-phone elementor-invisible elementor-widget elementor-widget-heading\" data-id=\"d654c34\" data-element_type=\"widget\" data-settings=\"{&quot;_animation&quot;:&quot;fadeInDown&quot;,&quot;_animation_delay&quot;:600}\" data-widget_type=\"heading.default\">\n\t\t\t\t<div class=\"elementor-widget-container\">\n\t\t\t<h2 class=\"elementor-heading-title elementor-size-default\">Contact<\/h2>\t\t<\/div>\n\t\t\t\t<\/div>\n\t\t\t\t<div class=\"elementor-element elementor-element-26fc46d animated-slow elementor-invisible elementor-widget elementor-widget-text-editor\" data-id=\"26fc46d\" data-element_type=\"widget\" data-settings=\"{&quot;_animation&quot;:&quot;fadeInDown&quot;,&quot;_animation_delay&quot;:600}\" data-widget_type=\"text-editor.default\">\n\t\t\t\t<div class=\"elementor-widget-container\">\n\t\t\t\t\t\t\t<p>H+L<br \/>Gmbh &amp; Co. Kg<\/p><p>Siemensstrasse 15<\/p><p>48488 Emsb\u00fcren, Allemagne<\/p><p>Tel : +49 (0)5903 939 60<\/p><p>Fax : +49 (0)5903 72 73<\/p><p>info@hplusl.com<\/p>\t\t\t\t\t\t<\/div>\n\t\t\t\t<\/div>\n\t\t\t\t\t<\/div>\n\t\t<\/div>\n\t\t\t\t<div class=\"elementor-column elementor-col-25 elementor-top-column elementor-element elementor-element-8d1490f animated-slow elementor-hidden-phone elementor-invisible\" data-id=\"8d1490f\" data-element_type=\"column\" data-settings=\"{&quot;animation&quot;:&quot;fadeInUp&quot;,&quot;animation_delay&quot;:600}\">\n\t\t\t<div class=\"elementor-widget-wrap elementor-element-populated\">\n\t\t\t\t\t\t\t\t<div class=\"elementor-element elementor-element-9af37a6 animated-slow elementor-hidden-phone elementor-invisible elementor-widget elementor-widget-heading\" data-id=\"9af37a6\" data-element_type=\"widget\" data-settings=\"{&quot;_animation&quot;:&quot;fadeIn&quot;,&quot;_animation_delay&quot;:600}\" data-widget_type=\"heading.default\">\n\t\t\t\t<div class=\"elementor-widget-container\">\n\t\t\t<h2 class=\"elementor-heading-title elementor-size-default\">HEURES DE BUREAU <\/h2>\t\t<\/div>\n\t\t\t\t<\/div>\n\t\t\t\t<section class=\"elementor-section elementor-inner-section elementor-element elementor-element-c37fc9a elementor-section-boxed elementor-section-height-default elementor-section-height-default\" data-id=\"c37fc9a\" data-element_type=\"section\">\n\t\t\t\t\t\t<div class=\"elementor-container elementor-column-gap-default\">\n\t\t\t\t\t<div class=\"elementor-column elementor-col-50 elementor-inner-column elementor-element elementor-element-503bf81\" data-id=\"503bf81\" data-element_type=\"column\">\n\t\t\t<div class=\"elementor-widget-wrap elementor-element-populated\">\n\t\t\t\t\t\t\t\t<div class=\"elementor-element elementor-element-7c2d4bd elementor-invisible elementor-widget elementor-widget-text-editor\" data-id=\"7c2d4bd\" data-element_type=\"widget\" data-settings=\"{&quot;_animation&quot;:&quot;fadeInDown&quot;}\" data-widget_type=\"text-editor.default\">\n\t\t\t\t<div class=\"elementor-widget-container\">\n\t\t\t\t\t\t\t<p>Lu:<br \/>MA-JE:<br \/>Ve:<\/p>\t\t\t\t\t\t<\/div>\n\t\t\t\t<\/div>\n\t\t\t\t\t<\/div>\n\t\t<\/div>\n\t\t\t\t<div class=\"elementor-column elementor-col-50 elementor-inner-column elementor-element elementor-element-3f886e2\" data-id=\"3f886e2\" data-element_type=\"column\">\n\t\t\t<div class=\"elementor-widget-wrap elementor-element-populated\">\n\t\t\t\t\t\t\t\t<div class=\"elementor-element elementor-element-345d78e elementor-invisible elementor-widget elementor-widget-text-editor\" data-id=\"345d78e\" data-element_type=\"widget\" data-settings=\"{&quot;_animation&quot;:&quot;fadeInDown&quot;}\" data-widget_type=\"text-editor.default\">\n\t\t\t\t<div class=\"elementor-widget-container\">\n\t\t\t\t\t\t\t<p>7:00-16:00<br \/>7:30-16:00<br \/>7:30-15:00<\/p>\t\t\t\t\t\t<\/div>\n\t\t\t\t<\/div>\n\t\t\t\t\t<\/div>\n\t\t<\/div>\n\t\t\t\t\t\t\t<\/div>\n\t\t<\/section>\n\t\t\t\t\t<\/div>\n\t\t<\/div>\n\t\t\t\t<div class=\"elementor-column elementor-col-25 elementor-top-column elementor-element elementor-element-6224c0d animated-slow elementor-invisible\" data-id=\"6224c0d\" data-element_type=\"column\" data-settings=\"{&quot;animation&quot;:&quot;fadeInDown&quot;,&quot;animation_delay&quot;:600}\">\n\t\t\t<div class=\"elementor-widget-wrap elementor-element-populated\">\n\t\t\t\t\t\t\t\t<div class=\"elementor-element elementor-element-46f5a22 animated-slow elementor-hidden-phone elementor-invisible elementor-widget elementor-widget-heading\" data-id=\"46f5a22\" data-element_type=\"widget\" data-settings=\"{&quot;_animation&quot;:&quot;fadeIn&quot;,&quot;_animation_delay&quot;:600}\" data-widget_type=\"heading.default\">\n\t\t\t\t<div class=\"elementor-widget-container\">\n\t\t\t<h2 class=\"elementor-heading-title elementor-size-default\">Information<\/h2>\t\t<\/div>\n\t\t\t\t<\/div>\n\t\t\t\t<div class=\"elementor-element elementor-element-5e1f44f animated-slow elementor-invisible elementor-widget elementor-widget-text-editor\" data-id=\"5e1f44f\" data-element_type=\"widget\" data-settings=\"{&quot;_animation_delay&quot;:600,&quot;_animation&quot;:&quot;fadeInDown&quot;}\" data-widget_type=\"text-editor.default\">\n\t\t\t\t<div class=\"elementor-widget-container\">\n\t\t\t\t\t\t\t<p><span style=\"color: #ffffff;\"><a style=\"color: #ffffff;\" href=\"https:\/\/hl-agrar.de\/fr\/kontakt\/\">Contact<\/a><\/span><br \/><span style=\"color: #ffffff;\"><a style=\"color: #ffffff;\" href=\"https:\/\/hl-agrar.de\/fr\/impressum\/\">Colophon<\/a><\/span><br \/><span style=\"color: #ffffff;\"><a style=\"color: #ffffff;\" href=\"https:\/\/hl-agrar.de\/fr\/datenschutz\/\">Protection de donn\u00e9es<\/a><\/span><\/p>\t\t\t\t\t\t<\/div>\n\t\t\t\t<\/div>\n\t\t\t\t\t<\/div>\n\t\t<\/div>\n\t\t\t\t<div class=\"elementor-column elementor-col-25 elementor-top-column elementor-element elementor-element-61cceaf animated-slow elementor-invisible\" data-id=\"61cceaf\" data-element_type=\"column\" data-settings=\"{&quot;animation&quot;:&quot;fadeInUp&quot;,&quot;animation_delay&quot;:600}\">\n\t\t\t<div class=\"elementor-widget-wrap elementor-element-populated\">\n\t\t\t\t\t\t\t\t<div class=\"elementor-element elementor-element-b993a50 e-grid-align-tablet-right elementor-shape-circle e-grid-align-mobile-center elementor-grid-0 e-grid-align-center elementor-widget elementor-widget-social-icons\" data-id=\"b993a50\" data-element_type=\"widget\" data-widget_type=\"social-icons.default\">\n\t\t\t\t<div class=\"elementor-widget-container\">\n\t\t\t\t\t<div class=\"elementor-social-icons-wrapper elementor-grid\">\n\t\t\t\t\t\t\t<span class=\"elementor-grid-item\">\n\t\t\t\t\t<a class=\"elementor-icon elementor-social-icon elementor-social-icon-facebook-f elementor-animation-shrink elementor-repeater-item-c29d3e9\" href=\"https:\/\/www.facebook.com\/H%C3%B6lscher-Leuschner-GmbH-Co-KG-744765949067675\/\" target=\"_blank\" rel=\"noopener\">\n\t\t\t\t\t\t<span class=\"elementor-screen-only\">Facebook-f<\/span>\n\t\t\t\t\t\t<i class=\"fab fa-facebook-f\"><\/i>\t\t\t\t\t<\/a>\n\t\t\t\t<\/span>\n\t\t\t\t\t\t\t<span class=\"elementor-grid-item\">\n\t\t\t\t\t<a class=\"elementor-icon elementor-social-icon elementor-social-icon-youtube elementor-animation-shrink elementor-repeater-item-a8c4402\" href=\"https:\/\/www.youtube.com\/channel\/UCgKwwLRZ9lLt1pNi4EkHsQA\" target=\"_blank\" rel=\"noopener\">\n\t\t\t\t\t\t<span class=\"elementor-screen-only\">Youtube<\/span>\n\t\t\t\t\t\t<i class=\"fab fa-youtube\"><\/i>\t\t\t\t\t<\/a>\n\t\t\t\t<\/span>\n\t\t\t\t\t<\/div>\n\t\t\t\t<\/div>\n\t\t\t\t<\/div>\n\t\t\t\t\t<\/div>\n\t\t<\/div>\n\t\t\t\t\t\t\t<\/div>\n\t\t<\/section>\n\t\t\t\t\t\t\t<\/div>","protected":false},"excerpt":{"rendered":"<p>Ausbildung Emsb\u00fcren | Bock auf Zukunft&#8230;? Ausbildung: Elektroniker\/-in f\u00fcr Ger\u00e4te und Systeme Fachrichtung informations- und kommunikationstechnische Ger\u00e4te Kommunikationselektroniker\/innen arbeiten im Bereich der Kommunikations- und Informationstechnik. Sie sind zust\u00e4ndig f\u00fcr die Herstellung, Montage und die Betriebst\u00fcchtigkeit von Ger\u00e4ten, Anlagen und Systemen der Funk-, Telekommunikations- und Informationstechnik. &nbsp; Ausbildungsdauer3\u00bd Jahre, Verk\u00fcrzung m\u00f6glich, je nach schulischer Vorbildung (z.B. [&hellip;]<\/p>","protected":false},"author":1,"featured_media":0,"parent":0,"menu_order":0,"comment_status":"closed","ping_status":"closed","template":"","meta":[],"_links":{"self":[{"href":"https:\/\/hl-agrar.de\/fr\/wp-json\/wp\/v2\/pages\/1775"}],"collection":[{"href":"https:\/\/hl-agrar.de\/fr\/wp-json\/wp\/v2\/pages"}],"about":[{"href":"https:\/\/hl-agrar.de\/fr\/wp-json\/wp\/v2\/types\/page"}],"author":[{"embeddable":true,"href":"https:\/\/hl-agrar.de\/fr\/wp-json\/wp\/v2\/users\/1"}],"replies":[{"embeddable":true,"href":"https:\/\/hl-agrar.de\/fr\/wp-json\/wp\/v2\/comments?post=1775"}],"version-history":[{"count":59,"href":"https:\/\/hl-agrar.de\/fr\/wp-json\/wp\/v2\/pages\/1775\/revisions"}],"predecessor-version":[{"id":11471,"href":"https:\/\/hl-agrar.de\/fr\/wp-json\/wp\/v2\/pages\/1775\/revisions\/11471"}],"wp:attachment":[{"href":"https:\/\/hl-agrar.de\/fr\/wp-json\/wp\/v2\/media?parent=1775"}],"curies":[{"name":"wp","href":"https:\/\/api.w.org\/{rel}","templated":true}]}}