{"id":1765,"date":"2020-11-27T07:41:35","date_gmt":"2020-11-27T07:41:35","guid":{"rendered":"https:\/\/jophiwese.de\/?page_id=1765"},"modified":"2021-08-03T07:23:02","modified_gmt":"2021-08-03T06:23:02","slug":"industriekaufmann","status":"publish","type":"page","link":"https:\/\/hl-agrar.de\/fr\/industriekaufmann\/","title":{"rendered":"Industriekaufmann"},"content":{"rendered":"<div data-elementor-type=\"wp-page\" data-elementor-id=\"1765\" class=\"elementor elementor-1765\">\n\t\t\t\t\t\t\t\t\t<section class=\"elementor-section elementor-top-section elementor-element elementor-element-0f20ce4 elementor-section-height-min-height elementor-section-boxed elementor-section-height-default elementor-section-items-middle\" data-id=\"0f20ce4\" data-element_type=\"section\" data-settings=\"{&quot;background_background&quot;:&quot;classic&quot;}\">\n\t\t\t\t\t\t\t<div class=\"elementor-background-overlay\"><\/div>\n\t\t\t\t\t\t\t<div class=\"elementor-container elementor-column-gap-default\">\n\t\t\t\t\t<div class=\"elementor-column elementor-col-100 elementor-top-column elementor-element elementor-element-dba2f0b\" data-id=\"dba2f0b\" data-element_type=\"column\">\n\t\t\t<div class=\"elementor-widget-wrap elementor-element-populated\">\n\t\t\t\t\t\t\t\t<div class=\"elementor-element elementor-element-a9c372f elementor-widget elementor-widget-heading\" data-id=\"a9c372f\" data-element_type=\"widget\" data-widget_type=\"heading.default\">\n\t\t\t\t<div class=\"elementor-widget-container\">\n\t\t\t<h2 class=\"elementor-heading-title elementor-size-default\"><br><br>Vous voulez voir l'avenir... ?<br><br><br><\/h2>\t\t<\/div>\n\t\t\t\t<\/div>\n\t\t\t\t\t<\/div>\n\t\t<\/div>\n\t\t\t\t\t\t\t<\/div>\n\t\t<\/section>\n\t\t\t\t<section class=\"elementor-section elementor-top-section elementor-element elementor-element-34d137b3 elementor-section-boxed elementor-section-height-default elementor-section-height-default\" data-id=\"34d137b3\" data-element_type=\"section\" data-settings=\"{&quot;background_background&quot;:&quot;classic&quot;}\">\n\t\t\t\t\t\t\t<div class=\"elementor-background-overlay\"><\/div>\n\t\t\t\t\t\t\t<div class=\"elementor-container elementor-column-gap-default\">\n\t\t\t\t\t<div class=\"elementor-column elementor-col-100 elementor-top-column elementor-element elementor-element-c6bde5\" data-id=\"c6bde5\" data-element_type=\"column\">\n\t\t\t<div class=\"elementor-widget-wrap elementor-element-populated\">\n\t\t\t\t\t\t\t\t<div class=\"elementor-element elementor-element-362e789b elementor-widget elementor-widget-text-editor\" data-id=\"362e789b\" data-element_type=\"widget\" data-widget_type=\"text-editor.default\">\n\t\t\t\t<div class=\"elementor-widget-container\">\n\t\t\t\t\t\t\t<h1>Formation \u00e0 Emsb\u00fcren : Agent commercial de l'industrie<\/h1>\n<p><strong>Dur\u00e9e de la formation : 3 ans<br><\/strong>Raccourcissement possible en fonction de la formation scolaire ant\u00e9rieure (fr\u00e9quentation de l'\u00e9cole commerciale sup\u00e9rieure d'un an ou de l'\u00e9cole commerciale de deux ans) ou de la formation professionnelle ant\u00e9rieure dans le domaine commercial.<\/p>\n<p><\/p>\n<p><strong>Conditions pr\u00e9alables :<br><\/strong>Les stagiaires ayant un dipl\u00f4me g\u00e9n\u00e9ral d'entr\u00e9e \u00e0 l'universit\u00e9 sont principalement recrut\u00e9s.<\/p>\n<p><\/p>\n<p><strong>\u00c9cole professionnelle :<br><\/strong>1 x par semaine<br>\u00c9coles professionnelles de Lingen<br>-sp\u00e9cialisation commerciale<br>N\u00f6ldekestr. 7<br>49809 Lingen<\/p>\n<p><\/p>\n<p><strong>Examens :<br><\/strong>Examen interm\u00e9diaire au printemps de la 2\u00e8me ann\u00e9e de formation Examen final \u00e0 la fin de la 3\u00e8me ann\u00e9e de formation.<\/p>\n<p><\/p>\n<p><strong>Activit\u00e9s :<br><\/strong>Les biens industriels doivent non seulement \u00eatre produits, mais aussi vendus. L'industrie a besoin d'une vari\u00e9t\u00e9 de mat\u00e9riaux, de mati\u00e8res premi\u00e8res, de machines et de main-d'\u0153uvre pour sa production. Les moyens de production sont achet\u00e9s, organis\u00e9s, g\u00e9r\u00e9s. Les produits finis sont annonc\u00e9s, ils sont vendus, le march\u00e9 des ventes est assur\u00e9.<\/p>\n<p>Cela comprend la planification et le contr\u00f4le de la production, l'ex\u00e9cution des commandes des clients, la comptabilit\u00e9 analytique, le calcul, la comptabilit\u00e9 financi\u00e8re, la facturation et la relance, les ventes et l'exp\u00e9dition, et la comptabilit\u00e9 op\u00e9rationnelle.<\/p>\n<p>En fonction de leurs responsabilit\u00e9s sp\u00e9cifiques, les employ\u00e9s de l'industrie n\u00e9gocient avec les clients, les banques, les sp\u00e9cialistes de la publicit\u00e9, les repr\u00e9sentants des pouvoirs publics ou les grossistes et les d\u00e9taillants.<\/p>\t\t\t\t\t\t<\/div>\n\t\t\t\t<\/div>\n\t\t\t\t<div class=\"elementor-element elementor-element-af5a0b3 elementor-button-info elementor-align-center elementor-widget elementor-widget-button\" data-id=\"af5a0b3\" data-element_type=\"widget\" data-widget_type=\"button.default\">\n\t\t\t\t<div class=\"elementor-widget-container\">\n\t\t\t\t\t<div class=\"elementor-button-wrapper\">\n\t\t\t<a class=\"elementor-button elementor-button-link elementor-size-xs elementor-animation-grow\" href=\"https:\/\/hl-agrar.de\/fr\/karriere\/\">\n\t\t\t\t\t\t<span class=\"elementor-button-content-wrapper\">\n\t\t\t\t\t\t<span class=\"elementor-button-icon elementor-align-icon-left\">\n\t\t\t\t<i aria-hidden=\"true\" class=\"far fa-lightbulb\"><\/i>\t\t\t<\/span>\n\t\t\t\t\t\t<span class=\"elementor-button-text\">Contactez<\/span>\n\t\t<\/span>\n\t\t\t\t\t<\/a>\n\t\t<\/div>\n\t\t\t\t<\/div>\n\t\t\t\t<\/div>\n\t\t\t\t\t<\/div>\n\t\t<\/div>\n\t\t\t\t\t\t\t<\/div>\n\t\t<\/section>\n\t\t\t\t<section class=\"elementor-section elementor-top-section elementor-element elementor-element-2a35d1e elementor-section-content-top elementor-section-boxed elementor-section-height-default elementor-section-height-default\" data-id=\"2a35d1e\" data-element_type=\"section\" data-settings=\"{&quot;background_background&quot;:&quot;classic&quot;}\">\n\t\t\t\t\t\t\t<div class=\"elementor-background-overlay\"><\/div>\n\t\t\t\t\t\t\t<div class=\"elementor-container elementor-column-gap-default\">\n\t\t\t\t\t<div class=\"elementor-column elementor-col-25 elementor-top-column elementor-element elementor-element-d135b92 animated-slow elementor-invisible\" data-id=\"d135b92\" data-element_type=\"column\" data-settings=\"{&quot;animation&quot;:&quot;fadeInDown&quot;}\">\n\t\t\t<div class=\"elementor-widget-wrap elementor-element-populated\">\n\t\t\t\t\t\t\t\t<div class=\"elementor-element elementor-element-e4f5943 animated-slow elementor-hidden-phone elementor-invisible elementor-widget elementor-widget-heading\" data-id=\"e4f5943\" data-element_type=\"widget\" data-settings=\"{&quot;_animation&quot;:&quot;fadeInDown&quot;,&quot;_animation_delay&quot;:600}\" data-widget_type=\"heading.default\">\n\t\t\t\t<div class=\"elementor-widget-container\">\n\t\t\t<h2 class=\"elementor-heading-title elementor-size-default\">Contact<\/h2>\t\t<\/div>\n\t\t\t\t<\/div>\n\t\t\t\t<div class=\"elementor-element elementor-element-5793b2c animated-slow elementor-invisible elementor-widget elementor-widget-text-editor\" data-id=\"5793b2c\" data-element_type=\"widget\" data-settings=\"{&quot;_animation&quot;:&quot;fadeInDown&quot;,&quot;_animation_delay&quot;:600}\" data-widget_type=\"text-editor.default\">\n\t\t\t\t<div class=\"elementor-widget-container\">\n\t\t\t\t\t\t\t<p>H+L<br \/>Gmbh &amp; Co. Kg<\/p><p>Siemensstrasse 15<\/p><p>48488 Emsb\u00fcren, Allemagne<\/p><p>Tel : +49 (0)5903 939 60<\/p><p>Fax : +49 (0)5903 72 73<\/p><p>info@hplusl.com<\/p>\t\t\t\t\t\t<\/div>\n\t\t\t\t<\/div>\n\t\t\t\t\t<\/div>\n\t\t<\/div>\n\t\t\t\t<div class=\"elementor-column elementor-col-25 elementor-top-column elementor-element elementor-element-a6fc5a2 animated-slow elementor-hidden-phone elementor-invisible\" data-id=\"a6fc5a2\" data-element_type=\"column\" data-settings=\"{&quot;animation&quot;:&quot;fadeInUp&quot;,&quot;animation_delay&quot;:600}\">\n\t\t\t<div class=\"elementor-widget-wrap elementor-element-populated\">\n\t\t\t\t\t\t\t\t<div class=\"elementor-element elementor-element-6a58e73 animated-slow elementor-hidden-phone elementor-invisible elementor-widget elementor-widget-heading\" data-id=\"6a58e73\" data-element_type=\"widget\" data-settings=\"{&quot;_animation&quot;:&quot;fadeIn&quot;,&quot;_animation_delay&quot;:600}\" data-widget_type=\"heading.default\">\n\t\t\t\t<div class=\"elementor-widget-container\">\n\t\t\t<h2 class=\"elementor-heading-title elementor-size-default\">HEURES DE BUREAU <\/h2>\t\t<\/div>\n\t\t\t\t<\/div>\n\t\t\t\t<section class=\"elementor-section elementor-inner-section elementor-element elementor-element-b9a080e elementor-section-boxed elementor-section-height-default elementor-section-height-default\" data-id=\"b9a080e\" data-element_type=\"section\">\n\t\t\t\t\t\t<div class=\"elementor-container elementor-column-gap-default\">\n\t\t\t\t\t<div class=\"elementor-column elementor-col-50 elementor-inner-column elementor-element elementor-element-6762716\" data-id=\"6762716\" data-element_type=\"column\">\n\t\t\t<div class=\"elementor-widget-wrap elementor-element-populated\">\n\t\t\t\t\t\t\t\t<div class=\"elementor-element elementor-element-acbb0ae elementor-invisible elementor-widget elementor-widget-text-editor\" data-id=\"acbb0ae\" data-element_type=\"widget\" data-settings=\"{&quot;_animation&quot;:&quot;fadeInDown&quot;}\" data-widget_type=\"text-editor.default\">\n\t\t\t\t<div class=\"elementor-widget-container\">\n\t\t\t\t\t\t\t<p>Lu:<br \/>MA-JE:<br \/>Ve:<\/p>\t\t\t\t\t\t<\/div>\n\t\t\t\t<\/div>\n\t\t\t\t\t<\/div>\n\t\t<\/div>\n\t\t\t\t<div class=\"elementor-column elementor-col-50 elementor-inner-column elementor-element elementor-element-b05186f\" data-id=\"b05186f\" data-element_type=\"column\">\n\t\t\t<div class=\"elementor-widget-wrap elementor-element-populated\">\n\t\t\t\t\t\t\t\t<div class=\"elementor-element elementor-element-513c6c9 elementor-invisible elementor-widget elementor-widget-text-editor\" data-id=\"513c6c9\" data-element_type=\"widget\" data-settings=\"{&quot;_animation&quot;:&quot;fadeInDown&quot;}\" data-widget_type=\"text-editor.default\">\n\t\t\t\t<div class=\"elementor-widget-container\">\n\t\t\t\t\t\t\t<p>7:00-16:00<br \/>7:30-16:00<br \/>7:30-15:00<\/p>\t\t\t\t\t\t<\/div>\n\t\t\t\t<\/div>\n\t\t\t\t\t<\/div>\n\t\t<\/div>\n\t\t\t\t\t\t\t<\/div>\n\t\t<\/section>\n\t\t\t\t\t<\/div>\n\t\t<\/div>\n\t\t\t\t<div class=\"elementor-column elementor-col-25 elementor-top-column elementor-element elementor-element-be2cd2b animated-slow elementor-invisible\" data-id=\"be2cd2b\" data-element_type=\"column\" data-settings=\"{&quot;animation&quot;:&quot;fadeInDown&quot;,&quot;animation_delay&quot;:600}\">\n\t\t\t<div class=\"elementor-widget-wrap elementor-element-populated\">\n\t\t\t\t\t\t\t\t<div class=\"elementor-element elementor-element-0d5cd5c animated-slow elementor-hidden-phone elementor-invisible elementor-widget elementor-widget-heading\" data-id=\"0d5cd5c\" data-element_type=\"widget\" data-settings=\"{&quot;_animation&quot;:&quot;fadeIn&quot;,&quot;_animation_delay&quot;:600}\" data-widget_type=\"heading.default\">\n\t\t\t\t<div class=\"elementor-widget-container\">\n\t\t\t<h2 class=\"elementor-heading-title elementor-size-default\">Information<\/h2>\t\t<\/div>\n\t\t\t\t<\/div>\n\t\t\t\t<div class=\"elementor-element elementor-element-b8a5601 animated-slow elementor-invisible elementor-widget elementor-widget-text-editor\" data-id=\"b8a5601\" data-element_type=\"widget\" data-settings=\"{&quot;_animation_delay&quot;:600,&quot;_animation&quot;:&quot;fadeInDown&quot;}\" data-widget_type=\"text-editor.default\">\n\t\t\t\t<div class=\"elementor-widget-container\">\n\t\t\t\t\t\t\t<p><span style=\"color: #ffffff;\"><a style=\"color: #ffffff;\" href=\"https:\/\/hl-agrar.de\/fr\/kontakt\/\">Contact<\/a><\/span><br \/><span style=\"color: #ffffff;\"><a style=\"color: #ffffff;\" href=\"https:\/\/hl-agrar.de\/fr\/impressum\/\">Colophon<\/a><\/span><br \/><span style=\"color: #ffffff;\"><a style=\"color: #ffffff;\" href=\"https:\/\/hl-agrar.de\/fr\/datenschutz\/\">Protection de donn\u00e9es<\/a><\/span><\/p>\t\t\t\t\t\t<\/div>\n\t\t\t\t<\/div>\n\t\t\t\t\t<\/div>\n\t\t<\/div>\n\t\t\t\t<div class=\"elementor-column elementor-col-25 elementor-top-column elementor-element elementor-element-41aea1e animated-slow elementor-invisible\" data-id=\"41aea1e\" data-element_type=\"column\" data-settings=\"{&quot;animation&quot;:&quot;fadeInUp&quot;,&quot;animation_delay&quot;:600}\">\n\t\t\t<div class=\"elementor-widget-wrap elementor-element-populated\">\n\t\t\t\t\t\t\t\t<div class=\"elementor-element elementor-element-1b2343c e-grid-align-tablet-right elementor-shape-circle e-grid-align-mobile-center elementor-grid-0 e-grid-align-center elementor-widget elementor-widget-social-icons\" data-id=\"1b2343c\" data-element_type=\"widget\" data-widget_type=\"social-icons.default\">\n\t\t\t\t<div class=\"elementor-widget-container\">\n\t\t\t\t\t<div class=\"elementor-social-icons-wrapper elementor-grid\">\n\t\t\t\t\t\t\t<span class=\"elementor-grid-item\">\n\t\t\t\t\t<a class=\"elementor-icon elementor-social-icon elementor-social-icon-facebook-f elementor-animation-shrink elementor-repeater-item-c29d3e9\" href=\"https:\/\/www.facebook.com\/H%C3%B6lscher-Leuschner-GmbH-Co-KG-744765949067675\/\" target=\"_blank\" rel=\"noopener\">\n\t\t\t\t\t\t<span class=\"elementor-screen-only\">Facebook-f<\/span>\n\t\t\t\t\t\t<i class=\"fab fa-facebook-f\"><\/i>\t\t\t\t\t<\/a>\n\t\t\t\t<\/span>\n\t\t\t\t\t\t\t<span class=\"elementor-grid-item\">\n\t\t\t\t\t<a class=\"elementor-icon elementor-social-icon elementor-social-icon-youtube elementor-animation-shrink elementor-repeater-item-a8c4402\" href=\"https:\/\/www.youtube.com\/channel\/UCgKwwLRZ9lLt1pNi4EkHsQA\" target=\"_blank\" rel=\"noopener\">\n\t\t\t\t\t\t<span class=\"elementor-screen-only\">Youtube<\/span>\n\t\t\t\t\t\t<i class=\"fab fa-youtube\"><\/i>\t\t\t\t\t<\/a>\n\t\t\t\t<\/span>\n\t\t\t\t\t<\/div>\n\t\t\t\t<\/div>\n\t\t\t\t<\/div>\n\t\t\t\t\t<\/div>\n\t\t<\/div>\n\t\t\t\t\t\t\t<\/div>\n\t\t<\/section>\n\t\t\t\t\t\t\t<\/div>","protected":false},"excerpt":{"rendered":"<p>Bock auf Zukunft&#8230;? Ausbildung Emsb\u00fcren: Industriekaufmann\/Industriekauffrau Ausbildungsdauer: 3 JahreVerk\u00fcrzungen m\u00f6glich je nach schulischer Vorbildung (Besuch der 1-j\u00e4hrigen H\u00f6heren Handelsschule oder der 2-j\u00e4hrigen Handelsschule) oder beruflicher Vorbildung im kaufm\u00e4nnischen Bereich. Voraussetzungen:Es werden \u00fcberwiegend Auszubildende mit der allgemeinen Hochschulreife eingestellt. Berufsschule:1 x w\u00f6chentlichBerufsbildende Schulen Lingen-Kaufm\u00e4nnische Fachrichtung-N\u00f6ldekestr. 749809 Lingen Pr\u00fcfungen:Zwischenpr\u00fcfung im Fr\u00fchjahr des 2 Ausbildungsjahres Abschlusspr\u00fcfung am Ende [&hellip;]<\/p>","protected":false},"author":1,"featured_media":0,"parent":0,"menu_order":0,"comment_status":"closed","ping_status":"closed","template":"","meta":[],"_links":{"self":[{"href":"https:\/\/hl-agrar.de\/fr\/wp-json\/wp\/v2\/pages\/1765"}],"collection":[{"href":"https:\/\/hl-agrar.de\/fr\/wp-json\/wp\/v2\/pages"}],"about":[{"href":"https:\/\/hl-agrar.de\/fr\/wp-json\/wp\/v2\/types\/page"}],"author":[{"embeddable":true,"href":"https:\/\/hl-agrar.de\/fr\/wp-json\/wp\/v2\/users\/1"}],"replies":[{"embeddable":true,"href":"https:\/\/hl-agrar.de\/fr\/wp-json\/wp\/v2\/comments?post=1765"}],"version-history":[{"count":50,"href":"https:\/\/hl-agrar.de\/fr\/wp-json\/wp\/v2\/pages\/1765\/revisions"}],"predecessor-version":[{"id":11395,"href":"https:\/\/hl-agrar.de\/fr\/wp-json\/wp\/v2\/pages\/1765\/revisions\/11395"}],"wp:attachment":[{"href":"https:\/\/hl-agrar.de\/fr\/wp-json\/wp\/v2\/media?parent=1765"}],"curies":[{"name":"wp","href":"https:\/\/api.w.org\/{rel}","templated":true}]}}