{"id":15373,"date":"2024-04-23T06:34:15","date_gmt":"2024-04-23T05:34:15","guid":{"rendered":"https:\/\/hl-agrar.de\/?page_id=15373"},"modified":"2024-04-23T06:39:38","modified_gmt":"2024-04-23T05:39:38","slug":"verkaufsberater","status":"publish","type":"page","link":"https:\/\/hl-agrar.de\/fr\/verkaufsberater\/","title":{"rendered":"verkaufsberater"},"content":{"rendered":"<div data-elementor-type=\"wp-page\" data-elementor-id=\"15373\" class=\"elementor elementor-15373\">\n\t\t\t\t\t\t\t\t\t<section class=\"elementor-section elementor-top-section elementor-element elementor-element-01ef215 elementor-section-height-min-height elementor-section-boxed elementor-section-height-default elementor-section-items-middle\" data-id=\"01ef215\" data-element_type=\"section\" data-settings=\"{&quot;background_background&quot;:&quot;classic&quot;}\">\n\t\t\t\t\t\t\t<div class=\"elementor-background-overlay\"><\/div>\n\t\t\t\t\t\t\t<div class=\"elementor-container elementor-column-gap-default\">\n\t\t\t\t\t<div class=\"elementor-column elementor-col-100 elementor-top-column elementor-element elementor-element-5cd2049\" data-id=\"5cd2049\" data-element_type=\"column\">\n\t\t\t<div class=\"elementor-widget-wrap elementor-element-populated\">\n\t\t\t\t\t\t\t\t<div class=\"elementor-element elementor-element-bb83f1c elementor-widget elementor-widget-heading\" data-id=\"bb83f1c\" data-element_type=\"widget\" data-widget_type=\"heading.default\">\n\t\t\t\t<div class=\"elementor-widget-container\">\n\t\t\t<h2 class=\"elementor-heading-title elementor-size-default\"><br><br>Vous voulez voir l'avenir... ?<br><br><br><\/h2>\t\t<\/div>\n\t\t\t\t<\/div>\n\t\t\t\t\t<\/div>\n\t\t<\/div>\n\t\t\t\t\t\t\t<\/div>\n\t\t<\/section>\n\t\t\t\t<section class=\"elementor-section elementor-top-section elementor-element elementor-element-1be2fa83 elementor-section-boxed elementor-section-height-default elementor-section-height-default\" data-id=\"1be2fa83\" data-element_type=\"section\" data-settings=\"{&quot;background_background&quot;:&quot;classic&quot;}\">\n\t\t\t\t\t\t\t<div class=\"elementor-background-overlay\"><\/div>\n\t\t\t\t\t\t\t<div class=\"elementor-container elementor-column-gap-default\">\n\t\t\t\t\t<div class=\"elementor-column elementor-col-100 elementor-top-column elementor-element elementor-element-18e11a7f\" data-id=\"18e11a7f\" data-element_type=\"column\">\n\t\t\t<div class=\"elementor-widget-wrap elementor-element-populated\">\n\t\t\t\t\t\t\t\t<div class=\"elementor-element elementor-element-65492823 elementor-widget elementor-widget-text-editor\" data-id=\"65492823\" data-element_type=\"widget\" data-widget_type=\"text-editor.default\">\n\t\t\t\t<div class=\"elementor-widget-container\">\n\t\t\t\t\t\t\t<h1>Verkaufsberater (m\/w\/d)\u00a0<\/h1><p><span style=\"font-size: 20px;\">Tierwohl, Emissionen und Wirtschaftlichkeit sind die Herausforderungen in der Nutztierhaltung. Mit unserer Erfahrung und Technologien entwickeln wir gemeinsam L\u00f6sungen f\u00fcr die zukunftsf\u00e4higen St\u00e4lle unserer Kunden. Wir suchen zur Verst\u00e4rkung unseres Teams zum n\u00e4chstm\u00f6glichen Zeitpunkt einen <strong>Mitarbeiter(m\/w\/d)<\/strong> im Au\u00dfendienst:<\/span><\/p><p>\u00a0<\/p><p><strong><span style=\"text-decoration: underline;\">Deine Aufgaben:<\/span><\/strong><\/p><ul><li>Kundenbetreuung<\/li><li>Neukunden Akquise<\/li><li>Professionelle Beratung unser Kunden bzw. Neukunden<\/li><li>Projektplanung und Entwicklung neuer Tierwohlst\u00e4lle (Haltungsformen)<\/li><li>Marktanalyse<\/li><\/ul><p><strong><span style=\"text-decoration: underline;\">Dein Profil:<\/span><\/strong><\/p><ul><li>Ausbildung\/Studium im landwirtschaftlichen Bereich und\/oder eine abgeschlossene kaufm\u00e4nnische Ausbildung, gerne aus einem landwirtschaftlichen Betrieb.<\/li><li>Freude am Kontakt mit Landwirten<\/li><li>Selbstst\u00e4ndige und strukturierte Arbeitsweise<\/li><li>Verhandlungsf\u00e4higkeit<\/li><li>Flexibilit\u00e4t und Engagement<\/li><li>Reisebereitschaft im Kundengebiet<\/li><\/ul><p><strong><span style=\"text-decoration: underline;\">Wir bieten:<\/span><\/strong><\/p><ul><li>Unbefristeter Arbeitsvertrag<\/li><li>Gutes Geld f\u00fcr gute Arbeit<\/li><li>30 Tage Urlaub<\/li><li>Mitarbeiterrabatte<\/li><li>Zusch\u00fcsse f\u00fcr Altersversorgung<\/li><li>Klasse Team im Mittelstand<\/li><li>E-Bike Leasing<\/li><li>Veranstaltungen und Events<\/li><\/ul><div><p>Wir bieten dir einen sicheren, langfristigen Arbeitsplatz mit verantwortungsvoller, flexibler und selbstst\u00e4ndiger T\u00e4tigkeit. Um dir die beste Beratung unserer Kunden zu erm\u00f6glichen, arbeitest du mit hochwertigen Produkten und eigenen Projekten.\u00a0 Des Weiteren bieten wir dir Weiterbildungsma\u00dfnahmen und Entwicklungsm\u00f6glichkeiten an. Du hast Fragen? Ruf mich gerne an (Teamleiter Werner Kuper, Tel: 05903-9396-49). Wir freuen uns auf dich! Das Team H\u00f6lscher + Leuschner<\/p><p>Du m\u00f6chtest Teil unseres Teams sein? Dann bewirb dich!<\/p><\/div>\t\t\t\t\t\t<\/div>\n\t\t\t\t<\/div>\n\t\t\t\t<div class=\"elementor-element elementor-element-740f509f elementor-button-info elementor-align-center elementor-widget elementor-widget-button\" data-id=\"740f509f\" data-element_type=\"widget\" data-widget_type=\"button.default\">\n\t\t\t\t<div class=\"elementor-widget-container\">\n\t\t\t\t\t<div class=\"elementor-button-wrapper\">\n\t\t\t<a class=\"elementor-button elementor-button-link elementor-size-xs elementor-animation-grow\" href=\"mailto:w.kuper@hl-agrar.de\">\n\t\t\t\t\t\t<span class=\"elementor-button-content-wrapper\">\n\t\t\t\t\t\t<span class=\"elementor-button-icon elementor-align-icon-left\">\n\t\t\t\t<i aria-hidden=\"true\" class=\"far fa-lightbulb\"><\/i>\t\t\t<\/span>\n\t\t\t\t\t\t<span class=\"elementor-button-text\">Contactez<\/span>\n\t\t<\/span>\n\t\t\t\t\t<\/a>\n\t\t<\/div>\n\t\t\t\t<\/div>\n\t\t\t\t<\/div>\n\t\t\t\t<div class=\"elementor-element elementor-element-78065c4f elementor-widget elementor-widget-spacer\" data-id=\"78065c4f\" data-element_type=\"widget\" data-widget_type=\"spacer.default\">\n\t\t\t\t<div class=\"elementor-widget-container\">\n\t\t\t\t\t<div class=\"elementor-spacer\">\n\t\t\t<div class=\"elementor-spacer-inner\"><\/div>\n\t\t<\/div>\n\t\t\t\t<\/div>\n\t\t\t\t<\/div>\n\t\t\t\t<div class=\"elementor-element elementor-element-67051bec elementor-widget elementor-widget-spacer\" data-id=\"67051bec\" data-element_type=\"widget\" data-widget_type=\"spacer.default\">\n\t\t\t\t<div class=\"elementor-widget-container\">\n\t\t\t\t\t<div class=\"elementor-spacer\">\n\t\t\t<div class=\"elementor-spacer-inner\"><\/div>\n\t\t<\/div>\n\t\t\t\t<\/div>\n\t\t\t\t<\/div>\n\t\t\t\t\t<\/div>\n\t\t<\/div>\n\t\t\t\t\t\t\t<\/div>\n\t\t<\/section>\n\t\t\t\t\t\t\t<\/div>","protected":false},"excerpt":{"rendered":"<p>Bock auf Zukunft&#8230;? Verkaufsberater (m\/w\/d)\u00a0 Tierwohl, Emissionen und Wirtschaftlichkeit sind die Herausforderungen in der Nutztierhaltung. Mit unserer Erfahrung und Technologien entwickeln wir gemeinsam L\u00f6sungen f\u00fcr die zukunftsf\u00e4higen St\u00e4lle unserer Kunden. Wir suchen zur Verst\u00e4rkung unseres Teams zum n\u00e4chstm\u00f6glichen Zeitpunkt einen Mitarbeiter(m\/w\/d) im Au\u00dfendienst: \u00a0 Deine Aufgaben: Kundenbetreuung Neukunden Akquise Professionelle Beratung unser Kunden bzw. Neukunden [&hellip;]<\/p>","protected":false},"author":1,"featured_media":0,"parent":0,"menu_order":0,"comment_status":"closed","ping_status":"closed","template":"","meta":[],"_links":{"self":[{"href":"https:\/\/hl-agrar.de\/fr\/wp-json\/wp\/v2\/pages\/15373"}],"collection":[{"href":"https:\/\/hl-agrar.de\/fr\/wp-json\/wp\/v2\/pages"}],"about":[{"href":"https:\/\/hl-agrar.de\/fr\/wp-json\/wp\/v2\/types\/page"}],"author":[{"embeddable":true,"href":"https:\/\/hl-agrar.de\/fr\/wp-json\/wp\/v2\/users\/1"}],"replies":[{"embeddable":true,"href":"https:\/\/hl-agrar.de\/fr\/wp-json\/wp\/v2\/comments?post=15373"}],"version-history":[{"count":7,"href":"https:\/\/hl-agrar.de\/fr\/wp-json\/wp\/v2\/pages\/15373\/revisions"}],"predecessor-version":[{"id":15380,"href":"https:\/\/hl-agrar.de\/fr\/wp-json\/wp\/v2\/pages\/15373\/revisions\/15380"}],"wp:attachment":[{"href":"https:\/\/hl-agrar.de\/fr\/wp-json\/wp\/v2\/media?parent=15373"}],"curies":[{"name":"wp","href":"https:\/\/api.w.org\/{rel}","templated":true}]}}