{"id":1875,"date":"2020-11-27T08:22:55","date_gmt":"2020-11-27T08:22:55","guid":{"rendered":"https:\/\/jophiwese.de\/?page_id=1875"},"modified":"2020-12-14T15:33:49","modified_gmt":"2020-12-14T15:33:49","slug":"impressum","status":"publish","type":"page","link":"https:\/\/hl-agrar.de\/en_gb\/impressum\/","title":{"rendered":"Imprint"},"content":{"rendered":"<div data-elementor-type=\"wp-page\" data-elementor-id=\"1875\" class=\"elementor elementor-1875\">\n\t\t\t\t\t\t\t\t\t<section class=\"elementor-section elementor-top-section elementor-element elementor-element-7e2c1cb elementor-section-height-min-height elementor-section-boxed elementor-section-height-default elementor-section-items-middle\" data-id=\"7e2c1cb\" data-element_type=\"section\" data-settings=\"{&quot;background_background&quot;:&quot;classic&quot;}\">\n\t\t\t\t\t\t\t<div class=\"elementor-background-overlay\"><\/div>\n\t\t\t\t\t\t\t<div class=\"elementor-container elementor-column-gap-default\">\n\t\t\t\t\t<div class=\"elementor-column elementor-col-100 elementor-top-column elementor-element elementor-element-8d017ad\" data-id=\"8d017ad\" data-element_type=\"column\">\n\t\t\t<div class=\"elementor-widget-wrap\">\n\t\t\t\t\t\t\t\t\t<\/div>\n\t\t<\/div>\n\t\t\t\t\t\t\t<\/div>\n\t\t<\/section>\n\t\t\t\t<section class=\"elementor-section elementor-top-section elementor-element elementor-element-c20e176 elementor-section-boxed elementor-section-height-default elementor-section-height-default\" data-id=\"c20e176\" data-element_type=\"section\">\n\t\t\t\t\t\t<div class=\"elementor-container elementor-column-gap-default\">\n\t\t\t\t\t<div class=\"elementor-column elementor-col-100 elementor-top-column elementor-element elementor-element-6f55790\" data-id=\"6f55790\" data-element_type=\"column\">\n\t\t\t<div class=\"elementor-widget-wrap elementor-element-populated\">\n\t\t\t\t\t\t\t\t<div class=\"elementor-element elementor-element-5491876 elementor-widget elementor-widget-text-editor\" data-id=\"5491876\" data-element_type=\"widget\" data-widget_type=\"text-editor.default\">\n\t\t\t\t<div class=\"elementor-widget-container\">\n\t\t\t\t\t\t\t<div class=\"spalte1\"><div class=\"text-block\"><h2>Imprint<\/h2><\/div><div class=\"text-block\"><p><strong>Information according to \u00a7 5 TMG<br \/><\/strong>H\u00f6lscher Leuschner GmbH &amp; Co. KG<br \/>Siemensstr. 15 <br \/>48488 Emsb\u00fcren<\/p><p>Commercial register:HRA 100071<br \/>Register court: Local court Osnabr\u00fcck<\/p><p><strong>Represented by the general partner:<\/strong><br \/>H\u00f6lscher Leuschner Beteiligungs-, - Verwaltungs- und Produktionsgesellschaft mbH<\/p><p>Executive Director:<br \/>Dr. Richard H\u00f6lscher<\/p><p>Commercial register: HRB100020<br \/>Register court: Local court Osnabr\u00fcck<\/p><p><strong>Contact<\/strong><br \/>Tel.: 05903 \/ 93 96 - 0<br \/>Fax: 05903 \/ 72 73<br \/><a href=\"http:\/\/www.hl-agrar.de\/de\/H-L\/index.php?PHPSESSID=5599d0265f45ec237513567161016c49&amp;execute=mailform&amp;emailto=zentrale@hl-agrar.de\">info@hplusl.com<\/a><\/p><p><strong>Sales Tax ID:<br \/><\/strong>Tax ID DE 117 326 033<\/p><p><strong>Business Identification Number:<br \/><\/strong>Tax No: 61\/200\/07001<\/p><p>We are not willing or obliged to participate in dispute resolution proceedings before a consumer arbitration board.<\/p><p><strong>Liability for contents<\/strong><\/p><p>As a service provider, we are responsible for our own content on these pages according to the general laws pursuant to \u00a7 7 para. 1 TMG. According to \u00a7\u00a7 8 to 10 TMG, however, we are not obliged as a service provider to monitor transmitted or stored third-party information or to investigate circumstances that indicate illegal activity.<br \/>Obligations to remove or block the use of information according to general laws remain unaffected by this. However, liability in this regard is only possible from the time of knowledge of a concrete infringement. If we become aware of any such infringements, we will remove this content immediately.<\/p><p><strong>Liability for links<\/strong><br \/>Our offer contains links to external websites of third parties, on whose contents we have no influence. Therefore, we cannot assume any liability for these external contents. The respective provider or operator of the pages is always responsible for the content of the linked pages. The linked pages were checked for possible legal violations at the time of linking. Illegal contents were not recognizable at the time of linking.<br \/>However, a permanent control of the contents of the linked pages is not reasonable without concrete evidence of a violation of the law. If we become aware of any infringements, we will remove such links immediately.<\/p><p><strong>Copyright<\/strong><br \/>The contents and works created by the site operators on these pages are subject to German copyright law. The reproduction, processing, distribution and any kind of exploitation outside the limits of copyright require the written consent of the respective author or creator. Downloads and copies of this site are only permitted for private, non-commercial use.<br \/>Insofar as the content on this page was not created by the operator, the copyrights of third parties are respected. In particular, third-party content is identified as such. Should you nevertheless become aware of a copyright infringement, please inform us accordingly. If we become aware of any infringements, we will remove such content immediately.<\/p><p><a href=\"https:\/\/hl-agrar.de\/wp-content\/uploads\/2020\/11\/HL_AGB-3.pdf\">\/\/Download AGB\/\/<\/a><\/p><p><strong>Information pursuant to \u00a7 5 TMG<\/strong><br \/>H\u00f6lscher Leuschner GmbH &amp; Co. KG<br \/>48488 EMSB\u00dcREN<br \/>48488 Emsb\u00fcren<\/p><p>Commercial register: HRA 100071<br \/>Registration court: Osnabr\u00fcck Local Court<\/p><p><strong>Represented by the general partner:<br \/><\/strong> H\u00f6lscher Leuschner Beteiligungs-, - Verwaltungs- und Produktionsgesellschaft mbH<\/p><p>Managing directors: <br \/>Managing Director Dr. Richard H\u00f6lscher<\/p><p>Commercial register: HRB 100020<br \/>Registering court: Local court Osnabr\u00fcck<\/p><p><strong>Contact<\/strong><br \/>Phone: 05903 9396-0<br \/>Fax: 05903 7273<br \/>E-mail: zentrale@hl-agrar.de<\/p><p><strong>VAT ID<\/strong><br \/><strong>Sales tax identification number according to \u00a7 27 a of the Sales Tax Law:<\/strong><br \/>Tax ID DE 117 326 033 <br \/><strong>Business identification number<\/strong><br \/>Tax No: 61\/200\/07001<\/p><p>We are not willing or obliged to participate in dispute resolution proceedings before a consumer arbitration board.<\/p><p><strong>Liability for Contents<\/strong><br \/>As service providers, we are liable for own contents of these websites according to Paragraph 7, Sect. 1 German Telemedia Act (TMG). However, according to Paragraphs 8 to 10 German Telemedia Act (TMG), service providers are not obligated to permanently monitor submitted or stored information or to search for evidences that indicate illegal activities.<br \/>Legal obligations to remove information or to block the use of information remain unchallenged. In this case, liability is only possible at the time of knowledge about a specific violation of law. Illegal contents will be removed immediately at the time we get knowledge of them.<\/p><p><strong>Liability for Links<\/strong><br \/>Our offer includes links to external third party websites. We have no influence on the contents of those websites, therefore we cannot guarantee for those contents. Providers or administrators of linked websites are always responsible for their own contents.<br \/>The linked websites had been checked for possible violations of law at the time of the establishment of the link. Illegal contents were not detected at the time of the linking. A permanent monitoring of the contents of linked websites cannot be imposed without reasonable indications that there has been a violation of law. Illegal links will be removed immediately at the time we get knowledge of them.<\/p><p><strong>Copyright<\/strong><br \/>Contents and compilations published on these websites by the providers are subject to German copyright laws. Reproduction, editing, distribution as well as the use of any kind outside the scope of the copyright law require a written permission of the author or originator. Downloads and copies of these websites are permitted for private use only. The commercial use of our contents without permission of the originator is prohibited.<br \/>Copyright laws of third parties are respected as long as the contents on these websites do not originate from the provider. Contributions of third parties on this site are indicated as such. However, if you notice any violations of copyright law, please inform us. Such contents will be removed immediately.<\/p><p><a href=\"https:\/\/hl-agrar.de\/wp-content\/uploads\/2020\/11\/HL_AGB-3.pdf\">\/\/Download AGB\/\/<\/a><\/p><\/div><\/div>\t\t\t\t\t\t<\/div>\n\t\t\t\t<\/div>\n\t\t\t\t\t<\/div>\n\t\t<\/div>\n\t\t\t\t\t\t\t<\/div>\n\t\t<\/section>\n\t\t\t\t<section class=\"elementor-section elementor-top-section elementor-element elementor-element-a441bdf elementor-section-content-top elementor-section-boxed elementor-section-height-default elementor-section-height-default\" data-id=\"a441bdf\" data-element_type=\"section\" data-settings=\"{&quot;background_background&quot;:&quot;classic&quot;}\">\n\t\t\t\t\t\t\t<div class=\"elementor-background-overlay\"><\/div>\n\t\t\t\t\t\t\t<div class=\"elementor-container elementor-column-gap-default\">\n\t\t\t\t\t<div class=\"elementor-column elementor-col-25 elementor-top-column elementor-element elementor-element-2ede24c\" data-id=\"2ede24c\" data-element_type=\"column\">\n\t\t\t<div class=\"elementor-widget-wrap elementor-element-populated\">\n\t\t\t\t\t\t\t\t<div class=\"elementor-element elementor-element-c8c9628 animated-slow elementor-hidden-phone elementor-invisible elementor-widget elementor-widget-heading\" data-id=\"c8c9628\" data-element_type=\"widget\" data-settings=\"{&quot;_animation&quot;:&quot;fadeInDown&quot;,&quot;_animation_delay&quot;:600}\" data-widget_type=\"heading.default\">\n\t\t\t\t<div class=\"elementor-widget-container\">\n\t\t\t<h2 class=\"elementor-heading-title elementor-size-default\">H+L <br>SIEMENSSTRASSE 15<\/h2>\t\t<\/div>\n\t\t\t\t<\/div>\n\t\t\t\t<div class=\"elementor-element elementor-element-b58ecea animated-slow elementor-invisible elementor-widget elementor-widget-text-editor\" data-id=\"b58ecea\" data-element_type=\"widget\" data-settings=\"{&quot;_animation&quot;:&quot;fadeInDown&quot;,&quot;_animation_delay&quot;:600}\" data-widget_type=\"text-editor.default\">\n\t\t\t\t<div class=\"elementor-widget-container\">\n\t\t\t\t\t\t\t<p>48488 EMSB\u00dcREN<\/p><p>GERMANY<\/p><p>Tel.: 05903 - 9396 0<\/p><p>Fax: 05903 - 72 73<\/p><p>info@hplusl.com<\/p>\t\t\t\t\t\t<\/div>\n\t\t\t\t<\/div>\n\t\t\t\t\t<\/div>\n\t\t<\/div>\n\t\t\t\t<div class=\"elementor-column elementor-col-25 elementor-top-column elementor-element elementor-element-f6dea51 elementor-invisible\" data-id=\"f6dea51\" data-element_type=\"column\" data-settings=\"{&quot;animation&quot;:&quot;fadeInUp&quot;,&quot;animation_delay&quot;:600}\">\n\t\t\t<div class=\"elementor-widget-wrap elementor-element-populated\">\n\t\t\t\t\t\t\t\t<div class=\"elementor-element elementor-element-86b99b8 e-grid-align-tablet-right elementor-shape-circle e-grid-align-mobile-center elementor-grid-0 e-grid-align-center elementor-widget elementor-widget-social-icons\" data-id=\"86b99b8\" data-element_type=\"widget\" data-widget_type=\"social-icons.default\">\n\t\t\t\t<div class=\"elementor-widget-container\">\n\t\t\t\t\t<div class=\"elementor-social-icons-wrapper elementor-grid\">\n\t\t\t\t\t\t\t<span class=\"elementor-grid-item\">\n\t\t\t\t\t<a class=\"elementor-icon elementor-social-icon elementor-social-icon-facebook-f elementor-animation-shrink elementor-repeater-item-c29d3e9\" href=\"https:\/\/www.facebook.com\/H%C3%B6lscher-Leuschner-GmbH-Co-KG-744765949067675\/\" target=\"_blank\" rel=\"noopener\">\n\t\t\t\t\t\t<span class=\"elementor-screen-only\">Facebook-f<\/span>\n\t\t\t\t\t\t<i class=\"fab fa-facebook-f\"><\/i>\t\t\t\t\t<\/a>\n\t\t\t\t<\/span>\n\t\t\t\t\t\t\t<span class=\"elementor-grid-item\">\n\t\t\t\t\t<a class=\"elementor-icon elementor-social-icon elementor-social-icon-youtube elementor-animation-shrink elementor-repeater-item-a8c4402\" href=\"https:\/\/www.youtube.com\/channel\/UCgKwwLRZ9lLt1pNi4EkHsQA\" target=\"_blank\" rel=\"noopener\">\n\t\t\t\t\t\t<span class=\"elementor-screen-only\">Youtube<\/span>\n\t\t\t\t\t\t<i class=\"fab fa-youtube\"><\/i>\t\t\t\t\t<\/a>\n\t\t\t\t<\/span>\n\t\t\t\t\t<\/div>\n\t\t\t\t<\/div>\n\t\t\t\t<\/div>\n\t\t\t\t<div class=\"elementor-element elementor-element-5c02b05 logo animated-slow elementor-hidden-desktop elementor-hidden-tablet elementor-invisible elementor-widget elementor-widget-image\" data-id=\"5c02b05\" data-element_type=\"widget\" data-settings=\"{&quot;_animation&quot;:&quot;fadeInDown&quot;,&quot;_animation_delay&quot;:600}\" data-widget_type=\"image.default\">\n\t\t\t\t<div class=\"elementor-widget-container\">\n\t\t\t\t\t\t\t\t\t\t\t\t\t\t\t\t<a href=\"https:\/\/hl-agrar.de\/en_gb\/\">\n\t\t\t\t\t\t\t<img decoding=\"async\" width=\"1024\" height=\"221\" src=\"https:\/\/hl-agrar.de\/wp-content\/uploads\/2020\/12\/Logo-removebg-preview-1024x221.png\" class=\"attachment-large size-large wp-image-3771\" alt=\"\" loading=\"lazy\" srcset=\"https:\/\/hl-agrar.de\/wp-content\/uploads\/2020\/12\/Logo-removebg-preview-1024x221.png 1024w, https:\/\/hl-agrar.de\/wp-content\/uploads\/2020\/12\/Logo-removebg-preview-300x65.png 300w, https:\/\/hl-agrar.de\/wp-content\/uploads\/2020\/12\/Logo-removebg-preview-768x166.png 768w, https:\/\/hl-agrar.de\/wp-content\/uploads\/2020\/12\/Logo-removebg-preview.png 1075w\" sizes=\"(max-width: 1024px) 100vw, 1024px\">\t\t\t\t\t\t\t\t<\/a>\n\t\t\t\t\t\t\t\t\t\t\t\t\t\t\t<\/div>\n\t\t\t\t<\/div>\n\t\t\t\t<div class=\"elementor-element elementor-element-18ac118 logo animated-slow elementor-hidden-phone elementor-invisible elementor-widget elementor-widget-image\" data-id=\"18ac118\" data-element_type=\"widget\" data-settings=\"{&quot;_animation&quot;:&quot;fadeInDown&quot;,&quot;_animation_delay&quot;:600}\" data-widget_type=\"image.default\">\n\t\t\t\t<div class=\"elementor-widget-container\">\n\t\t\t\t\t\t\t\t\t\t\t\t\t\t\t\t<a href=\"https:\/\/hl-agrar.de\/en_gb\/\">\n\t\t\t\t\t\t\t<img decoding=\"async\" width=\"1024\" height=\"221\" src=\"https:\/\/hl-agrar.de\/wp-content\/uploads\/2020\/12\/Logo-removebg-preview-1024x221.png\" class=\"attachment-large size-large wp-image-3771\" alt=\"\" loading=\"lazy\" srcset=\"https:\/\/hl-agrar.de\/wp-content\/uploads\/2020\/12\/Logo-removebg-preview-1024x221.png 1024w, https:\/\/hl-agrar.de\/wp-content\/uploads\/2020\/12\/Logo-removebg-preview-300x65.png 300w, https:\/\/hl-agrar.de\/wp-content\/uploads\/2020\/12\/Logo-removebg-preview-768x166.png 768w, https:\/\/hl-agrar.de\/wp-content\/uploads\/2020\/12\/Logo-removebg-preview.png 1075w\" sizes=\"(max-width: 1024px) 100vw, 1024px\">\t\t\t\t\t\t\t\t<\/a>\n\t\t\t\t\t\t\t\t\t\t\t\t\t\t\t<\/div>\n\t\t\t\t<\/div>\n\t\t\t\t\t<\/div>\n\t\t<\/div>\n\t\t\t\t<div class=\"elementor-column elementor-col-25 elementor-top-column elementor-element elementor-element-ce02c31\" data-id=\"ce02c31\" data-element_type=\"column\">\n\t\t\t<div class=\"elementor-widget-wrap elementor-element-populated\">\n\t\t\t\t\t\t\t\t<div class=\"elementor-element elementor-element-6ac38b7 animated-slow elementor-invisible elementor-widget elementor-widget-text-editor\" data-id=\"6ac38b7\" data-element_type=\"widget\" data-settings=\"{&quot;_animation_delay&quot;:600,&quot;_animation&quot;:&quot;fadeInUp&quot;}\" data-widget_type=\"text-editor.default\">\n\t\t\t\t<div class=\"elementor-widget-container\">\n\t\t\t\t\t\t\t<p style=\"text-align: center;\"><span style=\"color: #ffffff;\"><a style=\"color: #ffffff;\" href=\"https:\/\/hl-agrar.de\/en_gb\/kontakt\/\">Contact<\/a><\/span><\/p><p><span style=\"color: #ffffff;\"><a style=\"color: #ffffff;\" href=\"https:\/\/hl-agrar.de\/en_gb\/impressum\/\">Imprint<\/a><\/span><\/p><p><span style=\"color: #ffffff;\"><a style=\"color: #ffffff;\" href=\"https:\/\/hl-agrar.de\/en_gb\/datenschutz\/\">Data protection<\/a><\/span><\/p>\t\t\t\t\t\t<\/div>\n\t\t\t\t<\/div>\n\t\t\t\t\t<\/div>\n\t\t<\/div>\n\t\t\t\t<div class=\"elementor-column elementor-col-25 elementor-top-column elementor-element elementor-element-e5a15c8 animated-slow elementor-invisible\" data-id=\"e5a15c8\" data-element_type=\"column\" data-settings=\"{&quot;animation&quot;:&quot;fadeInDown&quot;,&quot;animation_delay&quot;:600}\">\n\t\t\t<div class=\"elementor-widget-wrap elementor-element-populated\">\n\t\t\t\t\t\t\t\t<div class=\"elementor-element elementor-element-3504d37 animated-slow elementor-hidden-phone elementor-invisible elementor-widget elementor-widget-heading\" data-id=\"3504d37\" data-element_type=\"widget\" data-settings=\"{&quot;_animation&quot;:&quot;fadeIn&quot;,&quot;_animation_delay&quot;:600}\" data-widget_type=\"heading.default\">\n\t\t\t\t<div class=\"elementor-widget-container\">\n\t\t\t<h2 class=\"elementor-heading-title elementor-size-default\">Office Hours<\/h2>\t\t<\/div>\n\t\t\t\t<\/div>\n\t\t\t\t<div class=\"elementor-element elementor-element-cd2fd23 elementor-invisible elementor-widget elementor-widget-text-editor\" data-id=\"cd2fd23\" data-element_type=\"widget\" data-settings=\"{&quot;_animation&quot;:&quot;fadeInDown&quot;}\" data-widget_type=\"text-editor.default\">\n\t\t\t\t<div class=\"elementor-widget-container\">\n\t\t\t\t\t\t\t<p>Mon.: 7:00 - 16:00<br \/>Wed.-Thu.: 7:30 - 16:00<br \/>Fri.: 7:30 - 15:00<\/p>\t\t\t\t\t\t<\/div>\n\t\t\t\t<\/div>\n\t\t\t\t\t<\/div>\n\t\t<\/div>\n\t\t\t\t\t\t\t<\/div>\n\t\t<\/section>\n\t\t\t\t\t\t\t<\/div>","protected":false},"excerpt":{"rendered":"<p>Impressum Angaben gem\u00e4\u00df \u00a7 5 TMGH\u00f6lscher Leuschner GmbH &amp; Co. KGSiemensstr. 15 48488 Emsb\u00fcren Handelsregister:HRA 100071Registergericht: Amtsgericht Osnabr\u00fcck Vertreten durch die pers\u00f6nlich haftende Gesellschafterin:H\u00f6lscher Leuschner Beteiligungs,- Verwaltungs- und Produktionsgesellschaft mbH Gesch\u00e4ftsf\u00fchrer:Dr. Richard\u00a0 H\u00f6lscher Handelsregister: HRB100020Registergericht: Amtsgericht Osnabr\u00fcck KontaktTel.: 05903 \/ 93 96 &#8211; 0Fax: 05903 \/ 72 73zentrale@hl-agrar.de Umsatzssteuer-ID:Ust. &#8211; ID DE 117 326 033 [&hellip;]<\/p>","protected":false},"author":1,"featured_media":0,"parent":0,"menu_order":0,"comment_status":"closed","ping_status":"closed","template":"","meta":[],"_links":{"self":[{"href":"https:\/\/hl-agrar.de\/en_gb\/wp-json\/wp\/v2\/pages\/1875"}],"collection":[{"href":"https:\/\/hl-agrar.de\/en_gb\/wp-json\/wp\/v2\/pages"}],"about":[{"href":"https:\/\/hl-agrar.de\/en_gb\/wp-json\/wp\/v2\/types\/page"}],"author":[{"embeddable":true,"href":"https:\/\/hl-agrar.de\/en_gb\/wp-json\/wp\/v2\/users\/1"}],"replies":[{"embeddable":true,"href":"https:\/\/hl-agrar.de\/en_gb\/wp-json\/wp\/v2\/comments?post=1875"}],"version-history":[{"count":26,"href":"https:\/\/hl-agrar.de\/en_gb\/wp-json\/wp\/v2\/pages\/1875\/revisions"}],"predecessor-version":[{"id":6020,"href":"https:\/\/hl-agrar.de\/en_gb\/wp-json\/wp\/v2\/pages\/1875\/revisions\/6020"}],"wp:attachment":[{"href":"https:\/\/hl-agrar.de\/en_gb\/wp-json\/wp\/v2\/media?parent=1875"}],"curies":[{"name":"wp","href":"https:\/\/api.w.org\/{rel}","templated":true}]}}