{"id":14340,"date":"2022-08-22T07:17:28","date_gmt":"2022-08-22T06:17:28","guid":{"rendered":"https:\/\/hl-agrar.de\/?page_id=14340"},"modified":"2025-07-02T06:58:23","modified_gmt":"2025-07-02T05:58:23","slug":"stallkonzept-5","status":"publish","type":"page","link":"https:\/\/hl-agrar.de\/en_gb\/stallkonzept-5\/","title":{"rendered":"Stallkonzept 5"},"content":{"rendered":"<div data-elementor-type=\"wp-page\" data-elementor-id=\"14340\" class=\"elementor elementor-14340\">\n\t\t\t\t\t\t\t\t\t<section class=\"elementor-section elementor-top-section elementor-element elementor-element-5a923885 elementor-section-height-min-height elementor-section-boxed elementor-section-height-default elementor-section-items-middle\" data-id=\"5a923885\" data-element_type=\"section\" data-settings=\"{&quot;background_background&quot;:&quot;classic&quot;}\">\n\t\t\t\t\t\t\t<div class=\"elementor-background-overlay\"><\/div>\n\t\t\t\t\t\t\t<div class=\"elementor-container elementor-column-gap-default\">\n\t\t\t\t\t<div class=\"elementor-column elementor-col-100 elementor-top-column elementor-element elementor-element-68fb7747\" data-id=\"68fb7747\" data-element_type=\"column\">\n\t\t\t<div class=\"elementor-widget-wrap elementor-element-populated\">\n\t\t\t\t\t\t\t\t<div class=\"elementor-element elementor-element-3b919dde elementor-widget elementor-widget-spacer\" data-id=\"3b919dde\" data-element_type=\"widget\" data-widget_type=\"spacer.default\">\n\t\t\t\t<div class=\"elementor-widget-container\">\n\t\t\t\t\t<div class=\"elementor-spacer\">\n\t\t\t<div class=\"elementor-spacer-inner\"><\/div>\n\t\t<\/div>\n\t\t\t\t<\/div>\n\t\t\t\t<\/div>\n\t\t\t\t<div class=\"elementor-element elementor-element-3b1faafb elementor-widget elementor-widget-heading\" data-id=\"3b1faafb\" data-element_type=\"widget\" data-widget_type=\"heading.default\">\n\t\t\t\t<div class=\"elementor-widget-container\">\n\t\t\t<h2 class=\"elementor-heading-title elementor-size-default\">Extension eaves side with bedding area and columns<\/h2>\t\t<\/div>\n\t\t\t\t<\/div>\n\t\t\t\t<div class=\"elementor-element elementor-element-1d73a848 elementor-button-info elementor-align-center elementor-widget elementor-widget-button\" data-id=\"1d73a848\" data-element_type=\"widget\" data-widget_type=\"button.default\">\n\t\t\t\t<div class=\"elementor-widget-container\">\n\t\t\t\t\t<div class=\"elementor-button-wrapper\">\n\t\t\t<a class=\"elementor-button elementor-button-link elementor-size-sm elementor-animation-grow\" href=\"https:\/\/hl-agrar.de\/en_gb\/stallkonzepte\/\">\n\t\t\t\t\t\t<span class=\"elementor-button-content-wrapper\">\n\t\t\t\t\t\t<span class=\"elementor-button-icon elementor-align-icon-left\">\n\t\t\t\t<i aria-hidden=\"true\" class=\"far fa-arrow-alt-circle-right\"><\/i>\t\t\t<\/span>\n\t\t\t\t\t\t<span class=\"elementor-button-text\">Stallkonzepte \u00dcbersicht<\/span>\n\t\t<\/span>\n\t\t\t\t\t<\/a>\n\t\t<\/div>\n\t\t\t\t<\/div>\n\t\t\t\t<\/div>\n\t\t\t\t\t<\/div>\n\t\t<\/div>\n\t\t\t\t\t\t\t<\/div>\n\t\t<\/section>\n\t\t\t\t<section class=\"elementor-section elementor-top-section elementor-element elementor-element-55e1a13d elementor-section-boxed elementor-section-height-default elementor-section-height-default elementor-invisible\" data-id=\"55e1a13d\" data-element_type=\"section\" data-settings=\"{&quot;animation&quot;:&quot;pulse&quot;}\">\n\t\t\t\t\t\t<div class=\"elementor-container elementor-column-gap-default\">\n\t\t\t\t\t<div class=\"elementor-column elementor-col-100 elementor-top-column elementor-element elementor-element-3776dfe\" data-id=\"3776dfe\" data-element_type=\"column\">\n\t\t\t<div class=\"elementor-widget-wrap elementor-element-populated\">\n\t\t\t\t\t\t\t\t<section class=\"elementor-section elementor-inner-section elementor-element elementor-element-2f76a850 elementor-section-boxed elementor-section-height-default elementor-section-height-default\" data-id=\"2f76a850\" data-element_type=\"section\">\n\t\t\t\t\t\t<div class=\"elementor-container elementor-column-gap-default\">\n\t\t\t\t\t<div class=\"elementor-column elementor-col-50 elementor-inner-column elementor-element elementor-element-119f4bfd\" data-id=\"119f4bfd\" data-element_type=\"column\">\n\t\t\t<div class=\"elementor-widget-wrap elementor-element-populated\">\n\t\t\t\t\t\t\t\t<div class=\"elementor-element elementor-element-c27b759 elementor-widget elementor-widget-image\" data-id=\"c27b759\" data-element_type=\"widget\" data-widget_type=\"image.default\">\n\t\t\t\t<div class=\"elementor-widget-container\">\n\t\t\t\t\t\t\t\t\t\t\t\t\t\t\t\t<a href=\"https:\/\/hl-agrar.de\/en_gb\/stallkonzept2\/\">\n\t\t\t\t\t\t\t<img decoding=\"async\" width=\"768\" height=\"432\" src=\"https:\/\/hl-agrar.de\/wp-content\/uploads\/2022\/07\/dji_export_1657800756990-768x432.jpg\" class=\"elementor-animation-grow attachment-medium_large size-medium_large wp-image-14159\" alt=\"\" loading=\"lazy\" srcset=\"https:\/\/hl-agrar.de\/wp-content\/uploads\/2022\/07\/dji_export_1657800756990-768x432.jpg 768w, https:\/\/hl-agrar.de\/wp-content\/uploads\/2022\/07\/dji_export_1657800756990-300x169.jpg 300w, https:\/\/hl-agrar.de\/wp-content\/uploads\/2022\/07\/dji_export_1657800756990-1024x576.jpg 1024w, https:\/\/hl-agrar.de\/wp-content\/uploads\/2022\/07\/dji_export_1657800756990-1536x864.jpg 1536w, https:\/\/hl-agrar.de\/wp-content\/uploads\/2022\/07\/dji_export_1657800756990-2048x1152.jpg 2048w, https:\/\/hl-agrar.de\/wp-content\/uploads\/2022\/07\/dji_export_1657800756990-18x10.jpg 18w\" sizes=\"(max-width: 768px) 100vw, 768px\">\t\t\t\t\t\t\t\t<\/a>\n\t\t\t\t\t\t\t\t\t\t\t\t\t\t\t<\/div>\n\t\t\t\t<\/div>\n\t\t\t\t<div class=\"elementor-element elementor-element-2023d6b elementor-button-info elementor-align-center elementor-widget elementor-widget-button\" data-id=\"2023d6b\" data-element_type=\"widget\" data-widget_type=\"button.default\">\n\t\t\t\t<div class=\"elementor-widget-container\">\n\t\t\t\t\t<div class=\"elementor-button-wrapper\">\n\t\t\t<a class=\"elementor-button elementor-button-link elementor-size-sm elementor-animation-grow\" href=\"https:\/\/hl-agrar.de\/wp-content\/uploads\/2022\/08\/Pohlmann.mp4\" target=\"_blank\">\n\t\t\t\t\t\t<span class=\"elementor-button-content-wrapper\">\n\t\t\t\t\t\t<span class=\"elementor-button-icon elementor-align-icon-left\">\n\t\t\t\t<i aria-hidden=\"true\" class=\"far fa-arrow-alt-circle-right\"><\/i>\t\t\t<\/span>\n\t\t\t\t\t\t<span class=\"elementor-button-text\">Video<\/span>\n\t\t<\/span>\n\t\t\t\t\t<\/a>\n\t\t<\/div>\n\t\t\t\t<\/div>\n\t\t\t\t<\/div>\n\t\t\t\t\t<\/div>\n\t\t<\/div>\n\t\t\t\t<div class=\"elementor-column elementor-col-50 elementor-inner-column elementor-element elementor-element-3b0cc6c2\" data-id=\"3b0cc6c2\" data-element_type=\"column\">\n\t\t\t<div class=\"elementor-widget-wrap elementor-element-populated\">\n\t\t\t\t\t\t\t\t<div class=\"elementor-element elementor-element-7a28b892 elementor-widget-divider--view-line_text elementor-widget-divider--element-align-center elementor-widget elementor-widget-divider\" data-id=\"7a28b892\" data-element_type=\"widget\" data-widget_type=\"divider.default\">\n\t\t\t\t<div class=\"elementor-widget-container\">\n\t\t\t\t\t<div class=\"elementor-divider\">\n\t\t\t<span class=\"elementor-divider-separator\">\n\t\t\t\t\t\t\t<span class=\"elementor-divider__text elementor-divider__element\">\n\t\t\t\tAuslaufstall\t\t\t\t<\/span>\n\t\t\t\t\t\t<\/span>\n\t\t<\/div>\n\t\t\t\t<\/div>\n\t\t\t\t<\/div>\n\t\t\t\t<div class=\"elementor-element elementor-element-4a82feb6 elementor-widget elementor-widget-text-editor\" data-id=\"4a82feb6\" data-element_type=\"widget\" data-widget_type=\"text-editor.default\">\n\t\t\t\t<div class=\"elementor-widget-container\">\n\t\t\t\t\t\t\t<div class=\"text-block\">\n<h2><span style=\"color: #000000;\">Freier Zugang zu verschiedenen Klimazonen mit der Trennung in Fress-, Aktivit\u00e4ts-, Liege- und Auslaufbereich:<\/span><\/h2>\n<\/div>\n<div class=\"text-block\">\n<p><strong>Function overview:<\/strong><\/p>\n<ul>\n<li style=\"list-style-type: none;\">\n<ul>\n<li style=\"list-style-type: none;\">\n<ul>\n<li><span style=\"color: #000000;\">Spalten und Einstreubereich im Auslauf kombinieren Kotpl\u00e4tze und Aktivit\u00e4tsbereich<\/span><\/li>\n<li><span style=\"color: #000000;\">Freie Durchfahrt zum Ausmisten durch schwenkbare Hub-Senkgitter<\/span><\/li>\n<li><span style=\"color: #3366ff;\"><a style=\"color: #3366ff;\" href=\"https:\/\/hl-agrar.de\/en_gb\/auslauftunnel\/\">Gesteuerte Auslauftunnel<\/a><\/span> trennen Klimazonen und erm\u00f6glichen automatischen Eintrieb<\/li>\n<\/ul>\n<\/li>\n<\/ul>\n<\/li>\n<\/ul>\n<p><strong>Operational advantages:<\/strong><\/p>\n<ul>\n<li style=\"list-style-type: none;\">\n<ul>\n<li style=\"list-style-type: none;\">\n<ul>\n<li><span style=\"color: #000000;\">Anbau weitgehend unabh\u00e4ngig von<br>Konstruktion des Baubestands<\/span><\/li>\n<li><span style=\"font-size: 20px;\">Auslauftunnel: Minimierung von &#8222;Falschluft&#8220;<\/span><\/li>\n<li><span style=\"font-size: 20px;\">Animal welfare criteria are easy to implement<\/span><\/li>\n<li><span style=\"color: #000000;\">Weniger Reinigungs, Kontroll- und Wartungsaufwand durch getrennte Funktionsbereiche<\/span><\/li>\n<\/ul>\n<\/li>\n<\/ul>\n<\/li>\n<\/ul>\n<p><strong>&nbsp;<\/strong><\/p>\n<p><strong>Auslaufstall:&nbsp;<\/strong>Die ideale L\u00f6sung bei nachtr\u00e4glichem Anbau ohne Ver\u00e4nderung im Innenbereich<\/p>\n<\/div>\t\t\t\t\t\t<\/div>\n\t\t\t\t<\/div>\n\t\t\t\t\t<\/div>\n\t\t<\/div>\n\t\t\t\t\t\t\t<\/div>\n\t\t<\/section>\n\t\t\t\t\t<\/div>\n\t\t<\/div>\n\t\t\t\t\t\t\t<\/div>\n\t\t<\/section>\n\t\t\t\t<section class=\"elementor-section elementor-top-section elementor-element elementor-element-1e532000 elementor-section-content-top elementor-section-boxed elementor-section-height-default elementor-section-height-default\" data-id=\"1e532000\" data-element_type=\"section\" data-settings=\"{&quot;background_background&quot;:&quot;classic&quot;}\">\n\t\t\t\t\t\t\t<div class=\"elementor-background-overlay\"><\/div>\n\t\t\t\t\t\t\t<div class=\"elementor-container elementor-column-gap-default\">\n\t\t\t\t\t<div class=\"elementor-column elementor-col-25 elementor-top-column elementor-element elementor-element-5107670c animated-slow elementor-invisible\" data-id=\"5107670c\" data-element_type=\"column\" data-settings=\"{&quot;animation&quot;:&quot;fadeInDown&quot;}\">\n\t\t\t<div class=\"elementor-widget-wrap elementor-element-populated\">\n\t\t\t\t\t\t\t\t<div class=\"elementor-element elementor-element-430d7e10 animated-slow elementor-hidden-phone elementor-invisible elementor-widget elementor-widget-heading\" data-id=\"430d7e10\" data-element_type=\"widget\" data-settings=\"{&quot;_animation&quot;:&quot;fadeInDown&quot;,&quot;_animation_delay&quot;:600}\" data-widget_type=\"heading.default\">\n\t\t\t\t<div class=\"elementor-widget-container\">\n\t\t\t<h2 class=\"elementor-heading-title elementor-size-default\">Contact<\/h2>\t\t<\/div>\n\t\t\t\t<\/div>\n\t\t\t\t<div class=\"elementor-element elementor-element-7c34489b animated-slow elementor-invisible elementor-widget elementor-widget-text-editor\" data-id=\"7c34489b\" data-element_type=\"widget\" data-settings=\"{&quot;_animation&quot;:&quot;fadeInDown&quot;,&quot;_animation_delay&quot;:600}\" data-widget_type=\"text-editor.default\">\n\t\t\t\t<div class=\"elementor-widget-container\">\n\t\t\t\t\t\t\t<p>H+L<br \/>SIEMENSSTRASSE 15<\/p><p>48488 EMSB\u00dcREN<\/p><p>GERMANY<\/p><p>Tel: +49 (0)5903 939 60<\/p><p>Fax: +49 (0)5903  72 73<\/p><p>info@hplusl.com<\/p>\t\t\t\t\t\t<\/div>\n\t\t\t\t<\/div>\n\t\t\t\t\t<\/div>\n\t\t<\/div>\n\t\t\t\t<div class=\"elementor-column elementor-col-25 elementor-top-column elementor-element elementor-element-5bd77816 animated-slow elementor-hidden-phone elementor-invisible\" data-id=\"5bd77816\" data-element_type=\"column\" data-settings=\"{&quot;animation&quot;:&quot;fadeInUp&quot;,&quot;animation_delay&quot;:600}\">\n\t\t\t<div class=\"elementor-widget-wrap elementor-element-populated\">\n\t\t\t\t\t\t\t\t<div class=\"elementor-element elementor-element-91d3c5c animated-slow elementor-hidden-phone elementor-invisible elementor-widget elementor-widget-heading\" data-id=\"91d3c5c\" data-element_type=\"widget\" data-settings=\"{&quot;_animation&quot;:&quot;fadeIn&quot;,&quot;_animation_delay&quot;:600}\" data-widget_type=\"heading.default\">\n\t\t\t\t<div class=\"elementor-widget-container\">\n\t\t\t<h2 class=\"elementor-heading-title elementor-size-default\">Office Hours <\/h2>\t\t<\/div>\n\t\t\t\t<\/div>\n\t\t\t\t<section class=\"elementor-section elementor-inner-section elementor-element elementor-element-1699b36b elementor-section-boxed elementor-section-height-default elementor-section-height-default\" data-id=\"1699b36b\" data-element_type=\"section\">\n\t\t\t\t\t\t<div class=\"elementor-container elementor-column-gap-default\">\n\t\t\t\t\t<div class=\"elementor-column elementor-col-50 elementor-inner-column elementor-element elementor-element-253f6b06\" data-id=\"253f6b06\" data-element_type=\"column\">\n\t\t\t<div class=\"elementor-widget-wrap elementor-element-populated\">\n\t\t\t\t\t\t\t\t<div class=\"elementor-element elementor-element-709d1c8 elementor-invisible elementor-widget elementor-widget-text-editor\" data-id=\"709d1c8\" data-element_type=\"widget\" data-settings=\"{&quot;_animation&quot;:&quot;fadeInDown&quot;}\" data-widget_type=\"text-editor.default\">\n\t\t\t\t<div class=\"elementor-widget-container\">\n\t\t\t\t\t\t\t<p>MO:<br \/>TU-TH:<br \/>FR:<\/p>\t\t\t\t\t\t<\/div>\n\t\t\t\t<\/div>\n\t\t\t\t\t<\/div>\n\t\t<\/div>\n\t\t\t\t<div class=\"elementor-column elementor-col-50 elementor-inner-column elementor-element elementor-element-4a63697f\" data-id=\"4a63697f\" data-element_type=\"column\">\n\t\t\t<div class=\"elementor-widget-wrap elementor-element-populated\">\n\t\t\t\t\t\t\t\t<div class=\"elementor-element elementor-element-4989c792 elementor-invisible elementor-widget elementor-widget-text-editor\" data-id=\"4989c792\" data-element_type=\"widget\" data-settings=\"{&quot;_animation&quot;:&quot;fadeInDown&quot;}\" data-widget_type=\"text-editor.default\">\n\t\t\t\t<div class=\"elementor-widget-container\">\n\t\t\t\t\t\t\t<p>7:00-16:00<br \/>7:30-16:00<br \/>7:30-15:00<\/p>\t\t\t\t\t\t<\/div>\n\t\t\t\t<\/div>\n\t\t\t\t\t<\/div>\n\t\t<\/div>\n\t\t\t\t\t\t\t<\/div>\n\t\t<\/section>\n\t\t\t\t\t<\/div>\n\t\t<\/div>\n\t\t\t\t<div class=\"elementor-column elementor-col-25 elementor-top-column elementor-element elementor-element-46eaff24 animated-slow elementor-invisible\" data-id=\"46eaff24\" data-element_type=\"column\" data-settings=\"{&quot;animation&quot;:&quot;fadeInDown&quot;,&quot;animation_delay&quot;:600}\">\n\t\t\t<div class=\"elementor-widget-wrap elementor-element-populated\">\n\t\t\t\t\t\t\t\t<div class=\"elementor-element elementor-element-49adeb8e animated-slow elementor-hidden-phone elementor-invisible elementor-widget elementor-widget-heading\" data-id=\"49adeb8e\" data-element_type=\"widget\" data-settings=\"{&quot;_animation&quot;:&quot;fadeIn&quot;,&quot;_animation_delay&quot;:600}\" data-widget_type=\"heading.default\">\n\t\t\t\t<div class=\"elementor-widget-container\">\n\t\t\t<h2 class=\"elementor-heading-title elementor-size-default\">Information<\/h2>\t\t<\/div>\n\t\t\t\t<\/div>\n\t\t\t\t<div class=\"elementor-element elementor-element-3c477a1a animated-slow elementor-invisible elementor-widget elementor-widget-text-editor\" data-id=\"3c477a1a\" data-element_type=\"widget\" data-settings=\"{&quot;_animation_delay&quot;:600,&quot;_animation&quot;:&quot;fadeInDown&quot;}\" data-widget_type=\"text-editor.default\">\n\t\t\t\t<div class=\"elementor-widget-container\">\n\t\t\t\t\t\t\t<p><span style=\"color: #ffffff;\"><a style=\"color: #ffffff;\" href=\"https:\/\/hl-agrar.de\/en_gb\/kontakt\/\">Contact<\/a><\/span><br \/><span style=\"color: #ffffff;\"><a style=\"color: #ffffff;\" href=\"https:\/\/hl-agrar.de\/en_gb\/impressum\/\">Imprint<\/a><\/span><br \/><span style=\"color: #ffffff;\"><a style=\"color: #ffffff;\" href=\"https:\/\/hl-agrar.de\/en_gb\/datenschutz\/\">Data protection<\/a><\/span><\/p>\t\t\t\t\t\t<\/div>\n\t\t\t\t<\/div>\n\t\t\t\t\t<\/div>\n\t\t<\/div>\n\t\t\t\t<div class=\"elementor-column elementor-col-25 elementor-top-column elementor-element elementor-element-36831584 animated-slow elementor-invisible\" data-id=\"36831584\" data-element_type=\"column\" data-settings=\"{&quot;animation&quot;:&quot;fadeInUp&quot;,&quot;animation_delay&quot;:600}\">\n\t\t\t<div class=\"elementor-widget-wrap elementor-element-populated\">\n\t\t\t\t\t\t\t\t<div class=\"elementor-element elementor-element-58087d9b e-grid-align-tablet-right elementor-shape-circle e-grid-align-mobile-center elementor-grid-0 e-grid-align-center elementor-widget elementor-widget-social-icons\" data-id=\"58087d9b\" data-element_type=\"widget\" data-widget_type=\"social-icons.default\">\n\t\t\t\t<div class=\"elementor-widget-container\">\n\t\t\t\t\t<div class=\"elementor-social-icons-wrapper elementor-grid\">\n\t\t\t\t\t\t\t<span class=\"elementor-grid-item\">\n\t\t\t\t\t<a class=\"elementor-icon elementor-social-icon elementor-social-icon-facebook-f elementor-animation-shrink elementor-repeater-item-c29d3e9\" href=\"https:\/\/www.facebook.com\/H%C3%B6lscher-Leuschner-GmbH-Co-KG-744765949067675\/\" target=\"_blank\" rel=\"noopener\">\n\t\t\t\t\t\t<span class=\"elementor-screen-only\">Facebook-f<\/span>\n\t\t\t\t\t\t<i class=\"fab fa-facebook-f\"><\/i>\t\t\t\t\t<\/a>\n\t\t\t\t<\/span>\n\t\t\t\t\t\t\t<span class=\"elementor-grid-item\">\n\t\t\t\t\t<a class=\"elementor-icon elementor-social-icon elementor-social-icon-youtube elementor-animation-shrink elementor-repeater-item-a8c4402\" href=\"https:\/\/www.youtube.com\/channel\/UCgKwwLRZ9lLt1pNi4EkHsQA\" target=\"_blank\" rel=\"noopener\">\n\t\t\t\t\t\t<span class=\"elementor-screen-only\">Youtube<\/span>\n\t\t\t\t\t\t<i class=\"fab fa-youtube\"><\/i>\t\t\t\t\t<\/a>\n\t\t\t\t<\/span>\n\t\t\t\t\t<\/div>\n\t\t\t\t<\/div>\n\t\t\t\t<\/div>\n\t\t\t\t\t<\/div>\n\t\t<\/div>\n\t\t\t\t\t\t\t<\/div>\n\t\t<\/section>\n\t\t\t\t\t\t\t<\/div>","protected":false},"excerpt":{"rendered":"<p>Anbau traufseitig mit Einstreubereich und Spalten Stallkonzepte \u00dcbersicht Video Auslaufstall Freier Zugang zu verschiedenen Klimazonen mit der Trennung in Fress-, Aktivit\u00e4ts-, Liege- und Auslaufbereich: Funktions\u00fcbersicht: Spalten und Einstreubereich im Auslauf kombinieren Kotpl\u00e4tze und Aktivit\u00e4tsbereich Freie Durchfahrt zum Ausmisten durch schwenkbare Hub-Senkgitter Gesteuerte Auslauftunnel trennen Klimazonen und erm\u00f6glichen automatischen Eintrieb Vorteile im Stallbetrieb: Anbau weitgehend unabh\u00e4ngig [&hellip;]<\/p>","protected":false},"author":1,"featured_media":0,"parent":0,"menu_order":0,"comment_status":"closed","ping_status":"closed","template":"","meta":[],"_links":{"self":[{"href":"https:\/\/hl-agrar.de\/en_gb\/wp-json\/wp\/v2\/pages\/14340"}],"collection":[{"href":"https:\/\/hl-agrar.de\/en_gb\/wp-json\/wp\/v2\/pages"}],"about":[{"href":"https:\/\/hl-agrar.de\/en_gb\/wp-json\/wp\/v2\/types\/page"}],"author":[{"embeddable":true,"href":"https:\/\/hl-agrar.de\/en_gb\/wp-json\/wp\/v2\/users\/1"}],"replies":[{"embeddable":true,"href":"https:\/\/hl-agrar.de\/en_gb\/wp-json\/wp\/v2\/comments?post=14340"}],"version-history":[{"count":40,"href":"https:\/\/hl-agrar.de\/en_gb\/wp-json\/wp\/v2\/pages\/14340\/revisions"}],"predecessor-version":[{"id":15754,"href":"https:\/\/hl-agrar.de\/en_gb\/wp-json\/wp\/v2\/pages\/14340\/revisions\/15754"}],"wp:attachment":[{"href":"https:\/\/hl-agrar.de\/en_gb\/wp-json\/wp\/v2\/media?parent=14340"}],"curies":[{"name":"wp","href":"https:\/\/api.w.org\/{rel}","templated":true}]}}